{"id":194,"date":"2017-10-09T11:31:07","date_gmt":"2017-10-09T14:31:07","guid":{"rendered":"https:\/\/planodesaudebr.com.br\/bradesco-saude\/?page_id=194"},"modified":"2018-06-13T18:06:05","modified_gmt":"2018-06-13T21:06:05","slug":"bradesco-saude-empresarial","status":"publish","type":"page","link":"https:\/\/planodesaudebr.com.br\/bradesco-saude\/rede-credenciada\/bradesco-saude-empresarial\/","title":{"rendered":"Bradesco Sa\u00fade Empresarial"},"content":{"rendered":"  <div id=\"page-header-868387629\" class=\"page-header-wrapper\">\n  <div class=\"page-title dark featured-title\">\n\n    \n    <div class=\"page-title-inner container align-center flex-row medium-flex-wrap\" >\n              <div class=\"title-wrapper flex-col text-left medium-text-center\">\n          <h1 class=\"entry-title mb-0\">\n            Bradesco Sa\u00fade Empresarial          <\/h1>\n        <\/div>\n                    <div class=\"title-content flex-col flex-right text-right medium-text-center\">\n        <div class=\"title-breadcrumbs pb-half pt-half\"><\/div>      <\/div>\n    <\/div>\n\n       <\/div>\n    <\/div>\n  \n<div class=\"row\"  id=\"row-1979684826\">\n\n\t<div id=\"col-482665063\" class=\"col small-12 large-12\"  >\n\t\t<div class=\"col-inner\"  >\n\t\t\t\n\t\t\t\n\t<div id=\"gap-1722412968\" class=\"gap-element clearfix\" style=\"display:block; height:auto;\">\n\t\t\n<style>\n#gap-1722412968 {\n  padding-top: 30px;\n}\n<\/style>\n\t<\/div>\n\t\n<p>Confira abaixo a rede credenciada da Bradesco Sa\u00fade SPG no estado de S\u00e3o Paulo.<\/p>\n<p><object data=\"https:\/\/planodesaudebr.com.br\/bradesco-saude\/wp-content\/uploads\/2018\/06\/rede-empresarial-bradesco-sa\u00fade.pdf\" type=\"application\/pdf\" width=\"100%\" height=\"1200px\"><p>Parece que voc\u00ea n\u00e3o tem um plugin necess\u00e1rio para a abertura desse arquivo no seu navegador.<br \/><a href=\"https:\/\/planodesaudebr.com.br\/bradesco-saude\/wp-content\/uploads\/2018\/06\/rede-empresarial-bradesco-sa\u00fade.pdf\">Clique aqui para baixar o arquivo em PDF<\/a><\/p><\/object><\/p>\n\t\t<\/div>\n\t\t\t<\/div>\n\n\t\n<\/div>\n","protected":false},"excerpt":{"rendered":"","protected":false},"author":1,"featured_media":0,"parent":132,"menu_order":0,"comment_status":"closed","ping_status":"closed","template":"page-blank.php","meta":{"footnotes":""},"class_list":["post-194","page","type-page","status-publish","hentry"],"yoast_head":"<!-- This site is optimized with the Yoast SEO plugin v24.6 - https:\/\/yoast.com\/wordpress\/plugins\/seo\/ -->\n<title>Bradesco Sa\u00fade Empresarial -<\/title>\n<meta name=\"robots\" content=\"index, follow, max-snippet:-1, max-image-preview:large, max-video-preview:-1\" \/>\n<link rel=\"canonical\" href=\"https:\/\/planodesaudebr.com.br\/bradesco-saude\/rede-credenciada\/bradesco-saude-empresarial\/\" \/>\n<meta property=\"og:locale\" content=\"pt_BR\" \/>\n<meta property=\"og:type\" content=\"article\" \/>\n<meta property=\"og:title\" content=\"Bradesco Sa\u00fade Empresarial -\" \/>\n<meta property=\"og:url\" content=\"https:\/\/planodesaudebr.com.br\/bradesco-saude\/rede-credenciada\/bradesco-saude-empresarial\/\" \/>\n<meta property=\"article:modified_time\" content=\"2018-06-13T21:06:05+00:00\" \/>\n<meta name=\"twitter:card\" content=\"summary_large_image\" \/>\n<script type=\"application\/ld+json\" class=\"yoast-schema-graph\">{\"@context\":\"https:\/\/schema.org\",\"@graph\":[{\"@type\":\"WebPage\",\"@id\":\"https:\/\/planodesaudebr.com.br\/bradesco-saude\/rede-credenciada\/bradesco-saude-empresarial\/\",\"url\":\"https:\/\/planodesaudebr.com.br\/bradesco-saude\/rede-credenciada\/bradesco-saude-empresarial\/\",\"name\":\"Bradesco Sa\u00fade Empresarial -\",\"isPartOf\":{\"@id\":\"https:\/\/planodesaudebr.com.br\/bradesco-saude\/#website\"},\"datePublished\":\"2017-10-09T14:31:07+00:00\",\"dateModified\":\"2018-06-13T21:06:05+00:00\",\"breadcrumb\":{\"@id\":\"https:\/\/planodesaudebr.com.br\/bradesco-saude\/rede-credenciada\/bradesco-saude-empresarial\/#breadcrumb\"},\"inLanguage\":\"pt-BR\",\"potentialAction\":[{\"@type\":\"ReadAction\",\"target\":[\"https:\/\/planodesaudebr.com.br\/bradesco-saude\/rede-credenciada\/bradesco-saude-empresarial\/\"]}]},{\"@type\":\"BreadcrumbList\",\"@id\":\"https:\/\/planodesaudebr.com.br\/bradesco-saude\/rede-credenciada\/bradesco-saude-empresarial\/#breadcrumb\",\"itemListElement\":[{\"@type\":\"ListItem\",\"position\":1,\"name\":\"In\u00edcio\",\"item\":\"https:\/\/planodesaudebr.com.br\/bradesco-saude\/\"},{\"@type\":\"ListItem\",\"position\":2,\"name\":\"Rede Credenciada\",\"item\":\"https:\/\/planodesaudebr.com.br\/bradesco-saude\/rede-credenciada\/\"},{\"@type\":\"ListItem\",\"position\":3,\"name\":\"Bradesco Sa\u00fade Empresarial\"}]},{\"@type\":\"WebSite\",\"@id\":\"https:\/\/planodesaudebr.com.br\/bradesco-saude\/#website\",\"url\":\"https:\/\/planodesaudebr.com.br\/bradesco-saude\/\",\"name\":\"\",\"description\":\"Plano com 50% Desconto\",\"potentialAction\":[{\"@type\":\"SearchAction\",\"target\":{\"@type\":\"EntryPoint\",\"urlTemplate\":\"https:\/\/planodesaudebr.com.br\/bradesco-saude\/?s={search_term_string}\"},\"query-input\":{\"@type\":\"PropertyValueSpecification\",\"valueRequired\":true,\"valueName\":\"search_term_string\"}}],\"inLanguage\":\"pt-BR\"}]}<\/script>\n<!-- \/ Yoast SEO plugin. -->","yoast_head_json":{"title":"Bradesco Sa\u00fade Empresarial -","robots":{"index":"index","follow":"follow","max-snippet":"max-snippet:-1","max-image-preview":"max-image-preview:large","max-video-preview":"max-video-preview:-1"},"canonical":"https:\/\/planodesaudebr.com.br\/bradesco-saude\/rede-credenciada\/bradesco-saude-empresarial\/","og_locale":"pt_BR","og_type":"article","og_title":"Bradesco Sa\u00fade Empresarial -","og_url":"https:\/\/planodesaudebr.com.br\/bradesco-saude\/rede-credenciada\/bradesco-saude-empresarial\/","article_modified_time":"2018-06-13T21:06:05+00:00","twitter_card":"summary_large_image","schema":{"@context":"https:\/\/schema.org","@graph":[{"@type":"WebPage","@id":"https:\/\/planodesaudebr.com.br\/bradesco-saude\/rede-credenciada\/bradesco-saude-empresarial\/","url":"https:\/\/planodesaudebr.com.br\/bradesco-saude\/rede-credenciada\/bradesco-saude-empresarial\/","name":"Bradesco Sa\u00fade Empresarial -","isPartOf":{"@id":"https:\/\/planodesaudebr.com.br\/bradesco-saude\/#website"},"datePublished":"2017-10-09T14:31:07+00:00","dateModified":"2018-06-13T21:06:05+00:00","breadcrumb":{"@id":"https:\/\/planodesaudebr.com.br\/bradesco-saude\/rede-credenciada\/bradesco-saude-empresarial\/#breadcrumb"},"inLanguage":"pt-BR","potentialAction":[{"@type":"ReadAction","target":["https:\/\/planodesaudebr.com.br\/bradesco-saude\/rede-credenciada\/bradesco-saude-empresarial\/"]}]},{"@type":"BreadcrumbList","@id":"https:\/\/planodesaudebr.com.br\/bradesco-saude\/rede-credenciada\/bradesco-saude-empresarial\/#breadcrumb","itemListElement":[{"@type":"ListItem","position":1,"name":"In\u00edcio","item":"https:\/\/planodesaudebr.com.br\/bradesco-saude\/"},{"@type":"ListItem","position":2,"name":"Rede Credenciada","item":"https:\/\/planodesaudebr.com.br\/bradesco-saude\/rede-credenciada\/"},{"@type":"ListItem","position":3,"name":"Bradesco Sa\u00fade Empresarial"}]},{"@type":"WebSite","@id":"https:\/\/planodesaudebr.com.br\/bradesco-saude\/#website","url":"https:\/\/planodesaudebr.com.br\/bradesco-saude\/","name":"","description":"Plano com 50% Desconto","potentialAction":[{"@type":"SearchAction","target":{"@type":"EntryPoint","urlTemplate":"https:\/\/planodesaudebr.com.br\/bradesco-saude\/?s={search_term_string}"},"query-input":{"@type":"PropertyValueSpecification","valueRequired":true,"valueName":"search_term_string"}}],"inLanguage":"pt-BR"}]}},"_links":{"self":[{"href":"https:\/\/planodesaudebr.com.br\/bradesco-saude\/wp-json\/wp\/v2\/pages\/194","targetHints":{"allow":["GET"]}}],"collection":[{"href":"https:\/\/planodesaudebr.com.br\/bradesco-saude\/wp-json\/wp\/v2\/pages"}],"about":[{"href":"https:\/\/planodesaudebr.com.br\/bradesco-saude\/wp-json\/wp\/v2\/types\/page"}],"author":[{"embeddable":true,"href":"https:\/\/planodesaudebr.com.br\/bradesco-saude\/wp-json\/wp\/v2\/users\/1"}],"replies":[{"embeddable":true,"href":"https:\/\/planodesaudebr.com.br\/bradesco-saude\/wp-json\/wp\/v2\/comments?post=194"}],"version-history":[{"count":1,"href":"https:\/\/planodesaudebr.com.br\/bradesco-saude\/wp-json\/wp\/v2\/pages\/194\/revisions"}],"predecessor-version":[{"id":1173,"href":"https:\/\/planodesaudebr.com.br\/bradesco-saude\/wp-json\/wp\/v2\/pages\/194\/revisions\/1173"}],"up":[{"embeddable":true,"href":"https:\/\/planodesaudebr.com.br\/bradesco-saude\/wp-json\/wp\/v2\/pages\/132"}],"wp:attachment":[{"href":"https:\/\/planodesaudebr.com.br\/bradesco-saude\/wp-json\/wp\/v2\/media?parent=194"}],"curies":[{"name":"wp","href":"https:\/\/api.w.org\/{rel}","templated":true}]}}