{"id":228,"date":"2017-10-13T16:45:48","date_gmt":"2017-10-13T19:45:48","guid":{"rendered":"https:\/\/planodesaudebr.com.br\/bradesco-saude\/?page_id=228"},"modified":"2018-06-13T15:39:55","modified_gmt":"2018-06-13T18:39:55","slug":"plano","status":"publish","type":"page","link":"https:\/\/planodesaudebr.com.br\/bradesco-saude\/plano\/","title":{"rendered":"Plano"},"content":{"rendered":"  <div id=\"page-header-1290758042\" class=\"page-header-wrapper\">\n  <div class=\"page-title dark featured-title\">\n\n    \n    <div class=\"page-title-inner container align-center flex-row medium-flex-wrap\" >\n              <div class=\"title-wrapper flex-col text-left medium-text-center\">\n          <h1 class=\"entry-title mb-0\">\n            Plano          <\/h1>\n        <\/div>\n                    <div class=\"title-content flex-col flex-right text-right medium-text-center\">\n        <div class=\"title-breadcrumbs pb-half pt-half\"><\/div>      <\/div>\n    <\/div>\n\n       <\/div>\n    <\/div>\n  \n\t<div id=\"gap-2068709331\" class=\"gap-element clearfix\" style=\"display:block; height:auto;\">\n\t\t\n<style>\n#gap-2068709331 {\n  padding-top: 30px;\n}\n<\/style>\n\t<\/div>\n\t\n<div class=\"row\"  id=\"row-197803779\">\n\n\t<div id=\"col-2126917005\" class=\"col medium-6 small-12 large-6\"  >\n\t\t<div class=\"col-inner\"  >\n\t\t\t\n\t\t\t\n\t<div class=\"img has-hover x md-x lg-x y md-y lg-y\" id=\"image_1523109149\">\n\t\t\t\t\t\t\t\t<div class=\"img-inner image-cover dark\" style=\"padding-top:159px;\">\n\t\t\t<img loading=\"lazy\" decoding=\"async\" width=\"1020\" height=\"343\" src=\"https:\/\/planodesaudebr.com.br\/bradesco-saude\/wp-content\/uploads\/2018\/06\/Bradesco-Sa\u00fade-1024x344.jpg\" class=\"attachment-large size-large\" alt=\"Bradesco Sa\u00fade\" srcset=\"https:\/\/planodesaudebr.com.br\/bradesco-saude\/wp-content\/uploads\/2018\/06\/Bradesco-Sa\u00fade-1024x344.jpg 1024w, https:\/\/planodesaudebr.com.br\/bradesco-saude\/wp-content\/uploads\/2018\/06\/Bradesco-Sa\u00fade-300x101.jpg 300w, https:\/\/planodesaudebr.com.br\/bradesco-saude\/wp-content\/uploads\/2018\/06\/Bradesco-Sa\u00fade-768x258.jpg 768w, https:\/\/planodesaudebr.com.br\/bradesco-saude\/wp-content\/uploads\/2018\/06\/Bradesco-Sa\u00fade.jpg 2000w\" sizes=\"auto, (max-width: 1020px) 100vw, 1020px\" \/>\t\t\t\t\t\t\n\t\t\t\t\t<\/div>\n\t\t\t\t\t\t\t\t\n<style>\n#image_1523109149 {\n  width: 100%;\n}\n<\/style>\n\t<\/div>\n\t\n\t\t<\/div>\n\t\t\t<\/div>\n\n\t\n\n\t<div id=\"col-1743097472\" class=\"col medium-6 small-12 large-6\"  >\n\t\t<div class=\"col-inner\"  >\n\t\t\t\n\t\t\t\n<p>A Bradesco Sa\u00fade possui planos adaptados ao perfil de cada empresa:<\/p>\n<p><strong>SPG 3:<\/strong> Seguro Para Grupos de 3 a 29 vidas.<br \/>\n<strong>SPG 30:<\/strong> Seguro Para Grupos de 30 a 99 vidas.<br \/>\n<strong>SPG 100:<\/strong> Seguro Para Grupos de 100 a 199 vidas.<\/p>\n\t\t<\/div>\n\t\t\t<\/div>\n\n\t\n<\/div>\n<div class=\"row\"  id=\"row-1039915617\">\n\n\t<div id=\"col-204018080\" class=\"col small-12 large-12\"  >\n\t\t<div class=\"col-inner\"  >\n\t\t\t\n\t\t\t\n\t<div class=\"img has-hover x md-x lg-x y md-y lg-y\" id=\"image_817702585\">\n\t\t\t\t\t\t\t\t<div class=\"img-inner dark\" >\n\t\t\t\t\t\t\t\t\t\n\t\t\t\t\t<\/div>\n\t\t\t\t\t\t\t\t\n<style>\n#image_817702585 {\n  width: 100%;\n}\n<\/style>\n\t<\/div>\n\t\n\t\t<\/div>\n\t\t\t<\/div>\n\n\t\n<\/div>\n<div class=\"row\"  id=\"row-1784863850\">\n\n\t<div id=\"col-904570135\" class=\"col small-12 large-12\"  >\n\t\t<div class=\"col-inner\"  >\n\t\t\t\n\t\t\t\n<div class=\"container section-title-container\" ><h3 class=\"section-title section-title-center\"><b><\/b><span class=\"section-title-main\" >Linhas de Planos<\/span><b><\/b><\/h3><\/div>\n\n\t\t<div class=\"tabbed-content\">\n\t\t\t<h4 class=\"uppercase text-left\">Bradesco Sa\u00fade SPG Nacional<\/h4>\n\t\t\t<ul class=\"nav nav-line nav-uppercase nav-size-normal nav-left\"><li class=\"tab active has-icon\"><a href=\"#tab_premium\"><span>Premium<\/span><\/a><\/li>\n<li class=\"tab has-icon\"><a href=\"#tab_nacional-plus\"><span>NACIONAL PLUS<\/span><\/a><\/li>\n<li class=\"tab has-icon\"><a href=\"#tab_nacional\"><span>NACIONAL<\/span><\/a><\/li>\n<li class=\"tab has-icon\"><a href=\"#tab_nacional-flex\"><span>NACIONAL FLEX<\/span><\/a><\/li><\/ul><div class=\"tab-panels\"><div class=\"panel active entry-content\" id=\"tab_premium\">\n<p>Esse plano \u00e9 ideal para quem deseja a tranquilidade de ser bem cuidado com a vantagem de ser exclusivo, pois oferece atendimento diferenciado em todas as regi\u00f5es do Brasil. Possui servi\u00e7os e coberturas* com cuidados especiais que v\u00e3o al\u00e9m da sa\u00fade do Bene\ufb01ci\u00e1rio. Com uma exclusiva Rede de Referenciados, contempla hospitais que s\u00e3o refer\u00eancia em servi\u00e7os de sa\u00fade no Pa\u00eds. Disp\u00f5e de diversas op\u00e7\u00f5es de reembolso, para atendimentos no Brasil e no exterior, sendo respeitados os limites contratuais. Pode ser conjugado com o Plano Dental Padr\u00e3o ou Dental Premium Top.<\/p>\n<p style=\"font-size: 11px;\">*Est\u00e3o inclusos \ufb01sioterapia e consulta domiciliares por reembolso, de acordo com os limites contratuais; cirurgia refrativa independente do grau de refra\u00e7\u00e3o; escleroterapia sem limite de sess\u00f5es e despesas do acompanhante de paciente de qualquer idade internado. O plano tamb\u00e9m possui cobertura para check-up, para titulares e dependentes a partir de 29 anos, em prestadores selecionados, nas seguintes localidades: Rio de Janeiro (RJ), Volta Redonda (RJ), S\u00e3o Paulo (SP), Campinas (SP), Belo Horizonte (MG), Curitiba (PR), Porto Alegre (RS), Salvador (BA), Recife (PE) e Bras\u00edlia (DF), enquanto vigorarem os contratos e os acordos com as empresas que os operam. Conta tamb\u00e9m com os benef\u00edcios do Bradesco Sa\u00fade Concierge<\/p>\n<\/div>\n<div class=\"panel entry-content\" id=\"tab_nacional-plus\">\n<p>Com atendimento em todas as regi\u00f5es do Brasil, conta com uma ampla Rede Referenciada, que contempla hospitais que s\u00e3o refer\u00eancia em servi\u00e7os de sa\u00fade no Pa\u00eds. Possui \ufb02exibilidade na escolha do padr\u00e3o de reembolso, que \u00e9 v\u00e1lido para atendimento no Brasil e no exterior, sendo respeitados os limites contratuais. Pode ser conjugado com o Plano Dental Padr\u00e3o ou Dental Premium Top.<\/p>\n<p>Conta tamb\u00e9m com os benef\u00edcios do Bradesco Sa\u00fade Concierge nas cidades do Rio de Janeiro (RJ), S\u00e3o Paulo (SP), Belo Horizonte (MG) e Salvador (BA).<\/p>\n<\/div>\n<div class=\"panel entry-content\" id=\"tab_nacional\">\n<p>Oferece toda a comodidade de atendimento em todas as regi\u00f5es do Brasil e as vantagens de uma ampla Rede de Referenciados. Um dos principais benef\u00edcios desse plano \u00e9 a op\u00e7\u00e3o de escolha do padr\u00e3o de reembolso, que est\u00e1 dispon\u00edvel para atendimentos no Brasil e no exterior, sendo respeitados os limites contratuais. Pode ser conjugado com o Plano Dental Padr\u00e3o ou Dental Premium Top.<\/p>\n<\/div>\n<div class=\"panel entry-content\" id=\"tab_nacional-flex\">\n<p>Oferece atendimento em todas as regi\u00f5es do Brasil, por meio de uma Rede Referenciada bem dimensionada e de custos mais competitivos em rela\u00e7\u00e3o \u00e0s demais redes de abrang\u00eancia nacional. Prev\u00ea reembolso em caso de atendimento no Brasil, sendo respeitados os limites contratuais. Pode ser conjugado com o Plano Dental Padr\u00e3o ou Dental Premium Top.<\/p>\n<\/div><\/div><\/div>\n\n\t\t<div class=\"tabbed-content\">\n\t\t\t<h4 class=\"uppercase text-left\">Bradesco Sa\u00fade SPG Regional<\/h4>\n\t\t\t<ul class=\"nav nav-line nav-uppercase nav-size-normal nav-left\"><li class=\"tab active has-icon\"><a href=\"#tab_preferencial-plus\"><span>Preferencial Plus<\/span><\/a><\/li>\n<li class=\"tab has-icon\"><a href=\"#tab_nacional-plus\"><span>NACIONAL PLUS<\/span><\/a><\/li>\n<li class=\"tab has-icon\"><a href=\"#tab_nacional\"><span>NACIONAL<\/span><\/a><\/li>\n<li class=\"tab has-icon\"><a href=\"#tab_nacional-flex\"><span>NACIONAL FLEX<\/span><\/a><\/li><\/ul><div class=\"tab-panels\"><div class=\"panel active entry-content\" id=\"tab_preferencial-plus\">\n<p>Para quem necessita de um plano com cobertura regional, essa pode ser a op\u00e7\u00e3o ideal. O Preferencial Plus conta com atendimento nos principais munic\u00edpios de S\u00e3o Paulo e Rio de Janeiro, por meio de uma ampla Rede de Referenciados disponibilizados nessas localidades. Dentre seus benef\u00edcios, est\u00e1 o reembolso em caso de atendimento no Brasil e no exterior, sendo respeitados os limites contratuais. Pode ser conjugado com o Plano Dental Padr\u00e3o ou Dental Premium Top.<\/p>\n<\/div>\n<div class=\"panel entry-content\" id=\"tab_nacional-plus\">\n<p>Com atendimento regionalizado, busca a melhor rela\u00e7\u00e3o custo-benef\u00edcio, por meio de uma rede integrada de servi\u00e7os adequada \u00e0s necessidades de seus Bene\ufb01ci\u00e1rios. Oferece reembolso na \u00e1rea de atua\u00e7\u00e3o contratada, sendo respeitados os limites contratuais. Dentre os seus diferenciais, est\u00e1 a cobertura de urg\u00eancia e emerg\u00eancia nas principais capitais do Pa\u00eds, por meio de uma Rede Referenciada exclusiva. Pode ser conjugado com o Plano Dental Padr\u00e3o ou Dental Premium Top.<\/p>\n<p style=\"font-size: 11px;\">*Consulte, previamente, as cidades que comp\u00f5em as regi\u00f5es que est\u00e3o em comercializa\u00e7\u00e3o. Regi\u00f5es: S\u00e3o Paulo (SP), Belo Horizonte (MG), Campinas (SP), Salvador (BA) e Recife (PE).<\/p>\n<\/div>\n<div class=\"panel entry-content\" id=\"tab_nacional\">\n<p>Oferece toda a comodidade de atendimento em todas as regi\u00f5es do Brasil e as vantagens de uma ampla Rede de Referenciados. Um dos principais benef\u00edcios desse plano \u00e9 a op\u00e7\u00e3o de escolha do padr\u00e3o de reembolso, que est\u00e1 dispon\u00edvel para atendimentos no Brasil e no exterior, sendo respeitados os limites contratuais. Pode ser conjugado com o Plano Dental Padr\u00e3o ou Dental Premium Top.<\/p>\n<\/div>\n<div class=\"panel entry-content\" id=\"tab_nacional-flex\">\n<p>Oferece atendimento em todas as regi\u00f5es do Brasil, por meio de uma Rede Referenciada bem dimensionada e de custos mais competitivos em rela\u00e7\u00e3o \u00e0s demais redes de abrang\u00eancia nacional. Prev\u00ea reembolso em caso de atendimento no Brasil, sendo respeitados os limites contratuais. Pode ser conjugado com o Plano Dental Padr\u00e3o ou Dental Premium Top.<\/p>\n<\/div><\/div><\/div>\n\t\t<\/div>\n\t\t\t<\/div>\n\n\t\n<\/div>\n<div class=\"container section-title-container\" ><h3 class=\"section-title section-title-center\"><b><\/b><span class=\"section-title-main\" >a bradesco sa\u00fade valoriza seu crescimento, entende e atende a sua demanda<\/span><b><\/b><\/h3><\/div>\n<div class=\"row\"  id=\"row-2082135159\">\n\n\t<div id=\"col-570346815\" class=\"col small-12 large-12\"  >\n\t\t<div class=\"col-inner\"  >\n\t\t\t\n\t\t\t\n\t<div class=\"img has-hover x md-x lg-x y md-y lg-y\" id=\"image_932249139\">\n\t\t\t\t\t\t\t\t<div class=\"img-inner dark\" >\n\t\t\t\t\t\t\t\t\t\n\t\t\t\t\t<\/div>\n\t\t\t\t\t\t\t\t\n<style>\n#image_932249139 {\n  width: 100%;\n}\n<\/style>\n\t<\/div>\n\t\n\t\t<\/div>\n\t\t\t<\/div>\n\n\t\n<\/div>\n\t<div id=\"gap-283027557\" class=\"gap-element clearfix\" style=\"display:block; height:auto;\">\n\t\t\n<style>\n#gap-283027557 {\n  padding-top: 30px;\n}\n<\/style>\n\t<\/div>\n\t\n<div class=\"container section-title-container\" ><h3 class=\"section-title section-title-center\"><b><\/b><span class=\"section-title-main\" >Op\u00e7\u00f5es de cobertura<\/span><b><\/b><\/h3><\/div>\n<div class=\"row\"  id=\"row-1725498185\">\n\n\t<div id=\"col-1267132914\" class=\"col medium-6 small-12 large-6\"  >\n\t\t<div class=\"col-inner\"  >\n\t\t\t\n\t\t\t\n<p><strong>Plano Completo:<\/strong><br \/>\nGarante a assist\u00eancia nos segmentos ambulatorial e hospitalar com obstetr\u00edcia, abrangendo a cobertura de despesas relativas a consultas, exames simples e especiais, terapias, tratamentos ambulatoriais e interna\u00e7\u00f5es cl\u00ednicas ou cir\u00fargicas.<br \/>\n<em>Dispon\u00edvel para todos os planos.<\/em><\/p>\n\t\t<\/div>\n\t\t\t<\/div>\n\n\t\n\n\t<div id=\"col-24629528\" class=\"col medium-6 small-12 large-6\"  >\n\t\t<div class=\"col-inner\"  >\n\t\t\t\n\t\t\t\n<p><strong>Plano Hospitalar com Obstetr\u00edcia:<\/strong><br \/>\nPlanejado para atender, principalmente, aos eventos relacionados a grandes riscos do segmento hospitalar com obstetr\u00edcia. Garante a cobertura de despesas m\u00e9dicas e hospitalares relativas a interna\u00e7\u00f5es cl\u00ednicas ou cir\u00fargicas.<br \/>\n<em>Exclusivo para os planos Nacional e Nacional Plus.<\/em><\/p>\n\t\t<\/div>\n\t\t\t<\/div>\n\n\t\n<\/div>\n","protected":false},"excerpt":{"rendered":"","protected":false},"author":1,"featured_media":0,"parent":0,"menu_order":0,"comment_status":"closed","ping_status":"closed","template":"page-blank.php","meta":{"footnotes":""},"class_list":["post-228","page","type-page","status-publish","hentry"],"yoast_head":"<!-- This site is optimized with the Yoast SEO plugin v24.6 - https:\/\/yoast.com\/wordpress\/plugins\/seo\/ -->\n<title>Plano Bradesco Sa\u00fade com At\u00e9 50% Desconto<\/title>\n<meta name=\"description\" content=\"Esse plano \u00e9 ideal para quem deseja a tranquilidade de ser bem cuidado com a vantagem de ser exclusivo, pois oferece atendimento diferenciado\" \/>\n<meta name=\"robots\" content=\"index, follow, max-snippet:-1, max-image-preview:large, max-video-preview:-1\" \/>\n<link rel=\"canonical\" href=\"https:\/\/planodesaudebr.com.br\/bradesco-saude\/plano\/\" \/>\n<meta property=\"og:locale\" content=\"pt_BR\" \/>\n<meta property=\"og:type\" content=\"article\" \/>\n<meta property=\"og:title\" content=\"Plano Bradesco Sa\u00fade com At\u00e9 50% Desconto\" \/>\n<meta property=\"og:description\" content=\"Esse plano \u00e9 ideal para quem deseja a tranquilidade de ser bem cuidado com a vantagem de ser exclusivo, pois oferece atendimento diferenciado\" \/>\n<meta property=\"og:url\" content=\"https:\/\/planodesaudebr.com.br\/bradesco-saude\/plano\/\" \/>\n<meta property=\"article:modified_time\" content=\"2018-06-13T18:39:55+00:00\" \/>\n<meta name=\"twitter:card\" content=\"summary_large_image\" \/>\n<meta name=\"twitter:label1\" content=\"Est. tempo de leitura\" \/>\n\t<meta name=\"twitter:data1\" content=\"5 minutos\" \/>\n<script type=\"application\/ld+json\" class=\"yoast-schema-graph\">{\"@context\":\"https:\/\/schema.org\",\"@graph\":[{\"@type\":\"WebPage\",\"@id\":\"https:\/\/planodesaudebr.com.br\/bradesco-saude\/plano\/\",\"url\":\"https:\/\/planodesaudebr.com.br\/bradesco-saude\/plano\/\",\"name\":\"Plano Bradesco Sa\u00fade com At\u00e9 50% Desconto\",\"isPartOf\":{\"@id\":\"https:\/\/planodesaudebr.com.br\/bradesco-saude\/#website\"},\"datePublished\":\"2017-10-13T19:45:48+00:00\",\"dateModified\":\"2018-06-13T18:39:55+00:00\",\"description\":\"Esse plano \u00e9 ideal para quem deseja a tranquilidade de ser bem cuidado com a vantagem de ser exclusivo, pois oferece atendimento diferenciado\",\"breadcrumb\":{\"@id\":\"https:\/\/planodesaudebr.com.br\/bradesco-saude\/plano\/#breadcrumb\"},\"inLanguage\":\"pt-BR\",\"potentialAction\":[{\"@type\":\"ReadAction\",\"target\":[\"https:\/\/planodesaudebr.com.br\/bradesco-saude\/plano\/\"]}]},{\"@type\":\"BreadcrumbList\",\"@id\":\"https:\/\/planodesaudebr.com.br\/bradesco-saude\/plano\/#breadcrumb\",\"itemListElement\":[{\"@type\":\"ListItem\",\"position\":1,\"name\":\"In\u00edcio\",\"item\":\"https:\/\/planodesaudebr.com.br\/bradesco-saude\/\"},{\"@type\":\"ListItem\",\"position\":2,\"name\":\"Plano\"}]},{\"@type\":\"WebSite\",\"@id\":\"https:\/\/planodesaudebr.com.br\/bradesco-saude\/#website\",\"url\":\"https:\/\/planodesaudebr.com.br\/bradesco-saude\/\",\"name\":\"\",\"description\":\"Plano com 50% Desconto\",\"potentialAction\":[{\"@type\":\"SearchAction\",\"target\":{\"@type\":\"EntryPoint\",\"urlTemplate\":\"https:\/\/planodesaudebr.com.br\/bradesco-saude\/?s={search_term_string}\"},\"query-input\":{\"@type\":\"PropertyValueSpecification\",\"valueRequired\":true,\"valueName\":\"search_term_string\"}}],\"inLanguage\":\"pt-BR\"}]}<\/script>\n<!-- \/ Yoast SEO plugin. -->","yoast_head_json":{"title":"Plano Bradesco Sa\u00fade com At\u00e9 50% Desconto","description":"Esse plano \u00e9 ideal para quem deseja a tranquilidade de ser bem cuidado com a vantagem de ser exclusivo, pois oferece atendimento diferenciado","robots":{"index":"index","follow":"follow","max-snippet":"max-snippet:-1","max-image-preview":"max-image-preview:large","max-video-preview":"max-video-preview:-1"},"canonical":"https:\/\/planodesaudebr.com.br\/bradesco-saude\/plano\/","og_locale":"pt_BR","og_type":"article","og_title":"Plano Bradesco Sa\u00fade com At\u00e9 50% Desconto","og_description":"Esse plano \u00e9 ideal para quem deseja a tranquilidade de ser bem cuidado com a vantagem de ser exclusivo, pois oferece atendimento diferenciado","og_url":"https:\/\/planodesaudebr.com.br\/bradesco-saude\/plano\/","article_modified_time":"2018-06-13T18:39:55+00:00","twitter_card":"summary_large_image","twitter_misc":{"Est. tempo de leitura":"5 minutos"},"schema":{"@context":"https:\/\/schema.org","@graph":[{"@type":"WebPage","@id":"https:\/\/planodesaudebr.com.br\/bradesco-saude\/plano\/","url":"https:\/\/planodesaudebr.com.br\/bradesco-saude\/plano\/","name":"Plano Bradesco Sa\u00fade com At\u00e9 50% Desconto","isPartOf":{"@id":"https:\/\/planodesaudebr.com.br\/bradesco-saude\/#website"},"datePublished":"2017-10-13T19:45:48+00:00","dateModified":"2018-06-13T18:39:55+00:00","description":"Esse plano \u00e9 ideal para quem deseja a tranquilidade de ser bem cuidado com a vantagem de ser exclusivo, pois oferece atendimento diferenciado","breadcrumb":{"@id":"https:\/\/planodesaudebr.com.br\/bradesco-saude\/plano\/#breadcrumb"},"inLanguage":"pt-BR","potentialAction":[{"@type":"ReadAction","target":["https:\/\/planodesaudebr.com.br\/bradesco-saude\/plano\/"]}]},{"@type":"BreadcrumbList","@id":"https:\/\/planodesaudebr.com.br\/bradesco-saude\/plano\/#breadcrumb","itemListElement":[{"@type":"ListItem","position":1,"name":"In\u00edcio","item":"https:\/\/planodesaudebr.com.br\/bradesco-saude\/"},{"@type":"ListItem","position":2,"name":"Plano"}]},{"@type":"WebSite","@id":"https:\/\/planodesaudebr.com.br\/bradesco-saude\/#website","url":"https:\/\/planodesaudebr.com.br\/bradesco-saude\/","name":"","description":"Plano com 50% Desconto","potentialAction":[{"@type":"SearchAction","target":{"@type":"EntryPoint","urlTemplate":"https:\/\/planodesaudebr.com.br\/bradesco-saude\/?s={search_term_string}"},"query-input":{"@type":"PropertyValueSpecification","valueRequired":true,"valueName":"search_term_string"}}],"inLanguage":"pt-BR"}]}},"_links":{"self":[{"href":"https:\/\/planodesaudebr.com.br\/bradesco-saude\/wp-json\/wp\/v2\/pages\/228","targetHints":{"allow":["GET"]}}],"collection":[{"href":"https:\/\/planodesaudebr.com.br\/bradesco-saude\/wp-json\/wp\/v2\/pages"}],"about":[{"href":"https:\/\/planodesaudebr.com.br\/bradesco-saude\/wp-json\/wp\/v2\/types\/page"}],"author":[{"embeddable":true,"href":"https:\/\/planodesaudebr.com.br\/bradesco-saude\/wp-json\/wp\/v2\/users\/1"}],"replies":[{"embeddable":true,"href":"https:\/\/planodesaudebr.com.br\/bradesco-saude\/wp-json\/wp\/v2\/comments?post=228"}],"version-history":[{"count":2,"href":"https:\/\/planodesaudebr.com.br\/bradesco-saude\/wp-json\/wp\/v2\/pages\/228\/revisions"}],"predecessor-version":[{"id":1152,"href":"https:\/\/planodesaudebr.com.br\/bradesco-saude\/wp-json\/wp\/v2\/pages\/228\/revisions\/1152"}],"wp:attachment":[{"href":"https:\/\/planodesaudebr.com.br\/bradesco-saude\/wp-json\/wp\/v2\/media?parent=228"}],"curies":[{"name":"wp","href":"https:\/\/api.w.org\/{rel}","templated":true}]}}