{"id":4849,"date":"2019-05-24T23:58:09","date_gmt":"2019-05-25T02:58:09","guid":{"rendered":"https:\/\/planodesaudebr.com.br\/bradesco-saude\/?page_id=4849"},"modified":"2020-01-22T16:55:31","modified_gmt":"2020-01-22T19:55:31","slug":"telefone-bradesco-saude","status":"publish","type":"page","link":"https:\/\/planodesaudebr.com.br\/bradesco-saude\/telefone-bradesco-saude\/","title":{"rendered":"Telefone Bradesco Sa\u00fade"},"content":{"rendered":"  <div id=\"page-header-1944500457\" class=\"page-header-wrapper\">\n  <div class=\"page-title dark featured-title has-parallax\">\n\n    \n    <div class=\"page-title-inner container align-center text-center flex-row-col medium-flex-wrap\" >\n              <div class=\"title-wrapper is-large flex-col\">\n          <h1 class=\"entry-title mb-0\">\n            Atendimento Bradesco Sa\u00fade          <\/h1>\n        <\/div>\n                    <div class=\"title-content flex-col\">\n        <div class=\"title-breadcrumbs pb-half pt-half\"><\/div>      <\/div>\n    <\/div>\n\n     \n<style>\n#page-header-1944500457 .page-title-inner {\n  min-height: 0px;\n}\n#page-header-1944500457 {\n  margin-bottom: 0px;\n}\n#page-header-1944500457 .title-bg {\n  background-position: 96% 54%;\n}\n<\/style>\n  <\/div>\n    <\/div>\n  \n\t<div id=\"gap-812915379\" class=\"gap-element clearfix\" style=\"display:block; height:auto;\">\n\t\t\n<style>\n#gap-812915379 {\n  padding-top: 30px;\n}\n<\/style>\n\t<\/div>\n\t\n<div class=\"row\"  id=\"row-181949448\">\n\n\t<div id=\"col-410534194\" class=\"col medium-8 small-12 large-8\"  >\n\t\t<div class=\"col-inner\"  >\n\t\t\t\n\t\t\t\n<h2><span style=\"font-size: 115%; color: #ff0000;\">Central de <strong>Vendas Bradesco Sa\u00fade:<\/strong><\/span><\/h2>\n<p>Grupo de corretores treinados para\u00a0 tiras todas as duvidas, por telefone ou pelo chat online. Receba cota\u00e7\u00e3o por e-mail com tabela de valores e rede credenciada de hospitais credenciados. Fa\u00e7a seu plano de sa\u00fade Bradesco com 50% Desconto, ligando nos telefones abaixo.<br \/>\n<strong><span style=\"color: #ff0000;\"><i class=\"fa fa-check-square-o \" ><\/i><\/span> (11) 2801-6163 (capitais e regi\u00f5es metropolitanas)<\/strong><\/p>\n<p><strong><span style=\"color: #ff0000;\"><i class=\"fa fa-check-square-o \" ><\/i><\/span> (11) 2801-6163 (demais localidades)<\/strong><\/p>\n<p><strong><span style=\"color: #ff0000;\"><i class=\"fa fa-check-square-o \" ><\/i><\/span> (11) 99334-3454 (Atendimento WhatsApp)<\/strong><\/p>\n\t\t<\/div>\n\t\t\t<\/div>\n\n\t\n\n\t<div id=\"col-799844771\" class=\"col medium-4 small-12 large-4\"  >\n\t\t<div class=\"col-inner\"  >\n\t\t\t\n\t\t\t\n\t<div class=\"img has-hover x md-x lg-x y md-y lg-y\" id=\"image_1664079999\">\n\t\t\t\t\t\t\t\t<div class=\"img-inner dark\" >\n\t\t\t<img loading=\"lazy\" decoding=\"async\" width=\"500\" height=\"550\" src=\"https:\/\/planodesaudebr.com.br\/bradesco-saude\/wp-content\/uploads\/2019\/05\/Telefone-Bradesco-Sa\u00fade.jpg\" class=\"attachment-large size-large\" alt=\"Telefone Bradesco Sa\u00fade\" srcset=\"https:\/\/planodesaudebr.com.br\/bradesco-saude\/wp-content\/uploads\/2019\/05\/Telefone-Bradesco-Sa\u00fade.jpg 500w, https:\/\/planodesaudebr.com.br\/bradesco-saude\/wp-content\/uploads\/2019\/05\/Telefone-Bradesco-Sa\u00fade-273x300.jpg 273w\" sizes=\"auto, (max-width: 500px) 100vw, 500px\" \/>\t\t\t\t\t\t\n\t\t\t\t\t<\/div>\n\t\t\t\t\t\t\t\t\n<style>\n#image_1664079999 {\n  width: 100%;\n}\n<\/style>\n\t<\/div>\n\t\n\t\t<\/div>\n\t\t\t<\/div>\n\n\t\n<\/div>\n<div class=\"row\"  id=\"row-1350199775\">\n\n\t<div id=\"col-1008554236\" class=\"col small-12 large-12\"  >\n\t\t<div class=\"col-inner\"  >\n\t\t\t\n\t\t\t\n<h2><span style=\"color: #ff0000;\">Central de Atendimento SPG:<\/span><\/h2>\n<p>Estrutura de p\u00f3s-venda para suporte aos Corretores e Clientes, com equipes destinadas a prestar atendimento \u00e0 \u00e1rea de Recursos Humanos, proporcionando informa\u00e7\u00f5es necess\u00e1rias e auxiliando os gestores no acompanhamento dos processos que envolvam a utiliza\u00e7\u00e3o do plano de sa\u00fade.<br \/>\n<strong><span style=\"color: #ff0000;\"><i class=\"fa fa-check-square-o \" ><\/i><\/span> 4004 2761 (capitais e regi\u00f5es metropolitanas)<\/strong><br \/>\n<strong><span style=\"color: #ff0000;\"><i class=\"fa fa-check-square-o \" ><\/i><\/span> 0800 701 2761 (demais localidades)<\/strong><\/p>\n\t\t<\/div>\n\t\t\t<\/div>\n\n\t\n<\/div>\n<div class=\"row\"  id=\"row-1408926946\">\n\n\t<div id=\"col-1964623089\" class=\"col small-12 large-12\"  >\n\t\t<div class=\"col-inner\"  >\n\t\t\t\n\t\t\t\n\t<div id=\"gap-841964667\" class=\"gap-element clearfix\" style=\"display:block; height:auto;\">\n\t\t\n<style>\n#gap-841964667 {\n  padding-top: 30px;\n}\n<\/style>\n\t<\/div>\n\t\n<h2><span style=\"color: #ff0000;\">CRC &#8211; Central de Relacionamento com Cliente:<\/span><\/h2>\n<p>Linha de telefone especial para contato, de forma simples e r\u00e1pida, com a Operadora. Dispon\u00edvel 24 horas por dia, 7 dias por semana. Nesse canal, o Cliente pode esclarecer suas d\u00favidas e obter informa\u00e7\u00f5es sobre coberturas, c\u00e1lculo pr\u00e9vio e acompanhamento de reembolso, al\u00e9m de informa\u00e7\u00f5es sobre a Rede Referenciada, entre outras.<br \/>\n<strong><span style=\"color: #ff0000;\"><i class=\"fa fa-check-square-o \" ><\/i><\/span> 4004 2700 (capitais e regi\u00f5es metropolitanas)<\/strong><br \/>\n<strong><span style=\"color: #ff0000;\"><i class=\"fa fa-check-square-o \" ><\/i><\/span> 0800 701 2700 (demais localidades)<\/strong><\/p>\n\t\t<\/div>\n\t\t\t<\/div>\n\n\t\n<\/div>\n<div class=\"row\"  id=\"row-211933326\">\n\n\t<div id=\"col-1881584664\" class=\"col small-12 large-12\"  >\n\t\t<div class=\"col-inner\"  >\n\t\t\t\n\t\t\t\n\t<div id=\"gap-545135565\" class=\"gap-element clearfix\" style=\"display:block; height:auto;\">\n\t\t\n<style>\n#gap-545135565 {\n  padding-top: 30px;\n}\n<\/style>\n\t<\/div>\n\t\n<h2><span style=\"color: #ff0000;\">Servi\u00e7o de Atendimento ao Consumidor:<\/span><\/h2>\n<p>Servi\u00e7o telef\u00f4nico gratuito, dispon\u00edvel todos os dias, ininterruptamente, para resolu\u00e7\u00e3o de problemas na rela\u00e7\u00e3o de consumo, por meio do fornecimento de informa\u00e7\u00f5es p\u00fablicas e de recebimento de reclama\u00e7\u00f5es de todos os produtos e servi\u00e7os comercializados. S\u00e3o informa\u00e7\u00f5es p\u00fablicas aquelas de car\u00e1ter institucional do Grupo Bradesco Seguros, endere\u00e7os e telefones de Sucursais, Corretores e prestadores de servi\u00e7os vinculados ao neg\u00f3cio, hor\u00e1rios de funcionamento das Sucursais e canais de atendimento, endere\u00e7os de sites do Grupo Bradesco Seguros, dentre outras.<br \/>\n<strong><span style=\"color: #ff0000;\"><i class=\"fa fa-check-square-o \" ><\/i><\/span> 0800 727 9966 <\/strong><\/p>\n\t\t<\/div>\n\t\t\t<\/div>\n\n\t\n<\/div>\n\t<div id=\"gap-1580808323\" class=\"gap-element clearfix\" style=\"display:block; height:auto;\">\n\t\t\n<style>\n#gap-1580808323 {\n  padding-top: 30px;\n}\n<\/style>\n\t<\/div>\n\t\n<div class=\"row\"  id=\"row-1994949188\">\n\n\t<div id=\"col-115865571\" class=\"col small-12 large-12\"  >\n\t\t<div class=\"col-inner\"  >\n\t\t\t\n\t\t\t\n<h2><span style=\"color: #ff0000;\">SAC &#8211; Defici\u00eancia Auditiva ou de Fala:<\/span><\/h2>\n<p>Servi\u00e7o colocado \u00e0 disposi\u00e7\u00e3o pela Bradesco Seguros para atender aos surdos que utilizam telefones especiais, dotados de teclado alfanum\u00e9rico e visor. O atendimento \u00e9 realizado por troca de mensagens, permitindo que o Cliente se comunique diretamente com os profissionais da Central de Relacionamento com o Cliente e SAC (Servi\u00e7o de Atendimento ao Cliente) sem a ajuda de intermedi\u00e1rios. Esse servi\u00e7o vai facilitar o contato com a Bradesco Seguros, oferecendo uma solu\u00e7\u00e3o simples e eficiente para a troca de informa\u00e7\u00f5es e presta\u00e7\u00e3o de servi\u00e7os.<br \/>\n<strong><span style=\"color: #ff0000;\"><i class=\"fa fa-check-square-o \" ><\/i><\/span> 0800 701 2708 <\/strong><\/p>\n\t\t<\/div>\n\t\t\t<\/div>\n\n\t\n<\/div>\n<div class=\"row\"  id=\"row-1938009128\">\n\n\t<div id=\"col-631693588\" class=\"col small-12 large-12\"  >\n\t\t<div class=\"col-inner\"  >\n\t\t\t\n\t\t\t\n\t<div id=\"gap-128618842\" class=\"gap-element clearfix\" style=\"display:block; height:auto;\">\n\t\t\n<style>\n#gap-128618842 {\n  padding-top: 30px;\n}\n<\/style>\n\t<\/div>\n\t\n<h2><span style=\"color: #ff0000;\">Central de Relacionamento com Cliente Concierge:<\/span><\/h2>\n<p>Atendimento exclusivo para os Benefici\u00e1rios Concierge. Dispon\u00edvel para obter informa\u00e7\u00f5es sobre coberturas, c\u00e1lculo pr\u00e9vio e acompanhamento de reembolso, informa\u00e7\u00f5es sobre m\u00e9dicos e cl\u00ednicas da Rede Referenciada, al\u00e9m de solicitar os benef\u00edcios exclusivos do plano.<br \/>\n<strong><span style=\"color: #ff0000;\"><i class=\"fa fa-check-square-o \" ><\/i><\/span> 4004 2726 (capitais e regi\u00f5es metropolitanas)<\/strong><br \/>\n<strong><span style=\"color: #ff0000;\"><i class=\"fa fa-check-square-o \" ><\/i><\/span> 0800 701 2726 (demais localidades)<\/strong><\/p>\n\t\t<\/div>\n\t\t\t<\/div>\n\n\t\n<\/div>\n<div class=\"row\"  id=\"row-819648627\">\n\n\t<div id=\"col-1340226514\" class=\"col small-12 large-12\"  >\n\t\t<div class=\"col-inner\"  >\n\t\t\t\n\t\t\t\n\t<div id=\"gap-266142713\" class=\"gap-element clearfix\" style=\"display:block; height:auto;\">\n\t\t\n<style>\n#gap-266142713 {\n  padding-top: 30px;\n}\n<\/style>\n\t<\/div>\n\t\n<h2><span style=\"color: #ff0000;\">Ouvidoria:<\/span><\/h2>\n<p>Al\u00e9m dos canais mencionados anteriormente, a Bradesco Seguros disp\u00f5e de uma Ouvidoria. Tratase de um sistema exclusivo de relacionamento com os Clientes e Corretores, destinado a receber e a responder a reclama\u00e7\u00f5es de segunda est\u00e2ncia, sugest\u00f5es e elogios. O prazo de resposta \u00e9 de at\u00e9 cinco dias \u00fateis. O contato com a Ouvidoria \u00e9 feito pelo canal Al\u00f4 Bradesco Seguros, de segunda a sexta-feira, das 8h \u00e0s 19h (hor\u00e1rio de Bras\u00edlia), exceto feriados.<br \/>\n<strong><span style=\"color: #ff0000;\"><i class=\"fa fa-check-square-o \" ><\/i><\/span> 0800 701 7000 <\/strong><\/p>\n\t\t<\/div>\n\t\t\t<\/div>\n\n\t\n<\/div>\n<div class=\"row\"  id=\"row-446643465\">\n\n\t<div id=\"col-20131892\" class=\"col small-12 large-12\"  >\n\t\t<div class=\"col-inner\"  >\n\t\t\t\n\t\t\t\n\t<div class=\"img has-hover x md-x lg-x y md-y lg-y\" id=\"image_1924793218\">\n\t\t\t\t\t\t\t\t<div class=\"img-inner dark\" >\n\t\t\t<img loading=\"lazy\" decoding=\"async\" width=\"1020\" height=\"387\" src=\"https:\/\/planodesaudebr.com.br\/bradesco-saude\/wp-content\/uploads\/2019\/05\/Atendimento-Bradesco-Sa\u00fade-1024x389.jpg\" class=\"attachment-large size-large\" alt=\"Atendimento Bradesco Sa\u00fade\" srcset=\"https:\/\/planodesaudebr.com.br\/bradesco-saude\/wp-content\/uploads\/2019\/05\/Atendimento-Bradesco-Sa\u00fade-1024x389.jpg 1024w, https:\/\/planodesaudebr.com.br\/bradesco-saude\/wp-content\/uploads\/2019\/05\/Atendimento-Bradesco-Sa\u00fade-300x114.jpg 300w, https:\/\/planodesaudebr.com.br\/bradesco-saude\/wp-content\/uploads\/2019\/05\/Atendimento-Bradesco-Sa\u00fade-768x291.jpg 768w, https:\/\/planodesaudebr.com.br\/bradesco-saude\/wp-content\/uploads\/2019\/05\/Atendimento-Bradesco-Sa\u00fade.jpg 1186w\" sizes=\"auto, (max-width: 1020px) 100vw, 1020px\" \/>\t\t\t\t\t\t\n\t\t\t\t\t<\/div>\n\t\t\t\t\t\t\t\t\n<style>\n#image_1924793218 {\n  width: 100%;\n}\n<\/style>\n\t<\/div>\n\t\n\t\t<\/div>\n\t\t\t<\/div>\n\n\t\n<\/div>\n\t<div id=\"gap-682863998\" class=\"gap-element clearfix\" style=\"display:block; height:auto;\">\n\t\t\n<style>\n#gap-682863998 {\n  padding-top: 30px;\n}\n<\/style>\n\t<\/div>\n\t\n<div class=\"container section-title-container\" ><h3 class=\"section-title section-title-center\"><b><\/b><span class=\"section-title-main\" style=\"color:rgb(241, 2, 2);\">Conhe\u00e7a os Planos Bradesco Sa\u00fade<\/span><b><\/b><\/h3><\/div>\n<div class=\"row\"  id=\"row-1813806553\">\n\n\t<div id=\"col-1381389638\" class=\"col medium-4 small-12 large-4\"  >\n\t\t<div class=\"col-inner\"  >\n\t\t\t\n\t\t\t\n\t<div class=\"box has-hover   has-hover box-text-bottom\" >\n\n\t\t<div class=\"box-image\" >\n\t\t\t\t\t\t<div class=\"image-overlay-add-50 image-cover\" style=\"padding-top:160px;\">\n\t\t\t\t<img loading=\"lazy\" decoding=\"async\" width=\"1270\" height=\"716\" src=\"https:\/\/planodesaudebr.com.br\/bradesco-saude\/wp-content\/uploads\/2018\/06\/Bradesco-Sa\u00fade-empresarial-ate-29-vidas.png\" class=\"attachment- size-\" alt=\"Bradesco Sa\u00fade empresarial ate 29 vidas\" srcset=\"https:\/\/planodesaudebr.com.br\/bradesco-saude\/wp-content\/uploads\/2018\/06\/Bradesco-Sa\u00fade-empresarial-ate-29-vidas.png 1270w, https:\/\/planodesaudebr.com.br\/bradesco-saude\/wp-content\/uploads\/2018\/06\/Bradesco-Sa\u00fade-empresarial-ate-29-vidas-300x169.png 300w, https:\/\/planodesaudebr.com.br\/bradesco-saude\/wp-content\/uploads\/2018\/06\/Bradesco-Sa\u00fade-empresarial-ate-29-vidas-768x433.png 768w, https:\/\/planodesaudebr.com.br\/bradesco-saude\/wp-content\/uploads\/2018\/06\/Bradesco-Sa\u00fade-empresarial-ate-29-vidas-1024x577.png 1024w\" sizes=\"auto, (max-width: 1270px) 100vw, 1270px\" \/>\t\t\t\t<div class=\"overlay\" style=\"background-color:rgba(204, 9, 47, 0.19)\"><\/div>\t\t\t\t\t\t\t<\/div>\n\t\t\t\t\t<\/div>\n\n\t\t<div class=\"box-text text-center\" >\n\t\t\t<div class=\"box-text-inner\">\n\t\t\t\t\n<h2 style=\"font-size: 20px;\">Bradesco Sa\u00fade SPG<\/h2>\n<p>O Bradesco Sa\u00fade SPG foi criado para empresas de 3 a 199 vidas,\u00a0oferece vasta rede credenciada e diversos diferenciais para seus benefici\u00e1rios.<\/p>\n<a href=\"https:\/\/planodesaudebr.com.br\/bradesco-saude\/spg\/\" target=\"_self\" class=\"button primary is-smaller\"  >\n    <span>CONHE\u00c7A O PLANO<\/span>\n  <\/a>\n\n<a rel=\"noopener noreferrer\" href=\"https:\/\/planodesaudebr.com.br\/bradesco-saude\/orcamento\/\" target=\"_blank\" class=\"button primary is-outline is-smaller\"  >\n    <span>OR\u00c7AMENTO ONLINE<\/span>\n  <\/a>\n\n\t\t\t<\/div>\n\t\t<\/div>\n\t<\/div>\n\t\n\t\t<\/div>\n\t\t\t<\/div>\n\n\t\n\n\t<div id=\"col-1808168072\" class=\"col medium-4 small-12 large-4\"  >\n\t\t<div class=\"col-inner\"  >\n\t\t\t\n\t\t\t\n\t<div class=\"box has-hover   has-hover box-text-bottom\" >\n\n\t\t<div class=\"box-image\" >\n\t\t\t\t\t\t<div class=\"image-overlay-add-50 image-cover\" style=\"padding-top:160px;\">\n\t\t\t\t<img loading=\"lazy\" decoding=\"async\" width=\"500\" height=\"306\" src=\"https:\/\/planodesaudebr.com.br\/bradesco-saude\/wp-content\/uploads\/2018\/06\/Bradesco-Sa\u00fade-empresarial-ate-99-vidas.png\" class=\"attachment- size-\" alt=\"Bradesco Sa\u00fade empresarial ate 99 vidas\" srcset=\"https:\/\/planodesaudebr.com.br\/bradesco-saude\/wp-content\/uploads\/2018\/06\/Bradesco-Sa\u00fade-empresarial-ate-99-vidas.png 500w, https:\/\/planodesaudebr.com.br\/bradesco-saude\/wp-content\/uploads\/2018\/06\/Bradesco-Sa\u00fade-empresarial-ate-99-vidas-300x184.png 300w\" sizes=\"auto, (max-width: 500px) 100vw, 500px\" \/>\t\t\t\t<div class=\"overlay\" style=\"background-color:rgba(204, 9, 47, 0.19)\"><\/div>\t\t\t\t\t\t\t<\/div>\n\t\t\t\t\t<\/div>\n\n\t\t<div class=\"box-text text-center\" >\n\t\t\t<div class=\"box-text-inner\">\n\t\t\t\t\n<h2 style=\"font-size: 20px;\">Bradesco Sa\u00fade Empresarial<\/h2>\n<p>O Bradesco Sa\u00fade Empresarial\u00a0foi criado para empresas\u00a0com mais de 200 vidas, e conta com o todos os benef\u00edcios que a Bradesco Sa\u00fade oferece.<\/p>\n<a href=\"https:\/\/planodesaudebr.com.br\/bradesco-saude\/empresarial\/\" target=\"_self\" class=\"button primary is-smaller\"  >\n    <span>CONHE\u00c7A O PLANO<\/span>\n  <\/a>\n\n<a rel=\"noopener noreferrer\" href=\"https:\/\/planodesaudebr.com.br\/bradesco-saude\/orcamento\/\" target=\"_blank\" class=\"button primary is-outline is-smaller\"  >\n    <span>OR\u00c7AMENTO ONLINE<\/span>\n  <\/a>\n\n\t\t\t<\/div>\n\t\t<\/div>\n\t<\/div>\n\t\n\t\t<\/div>\n\t\t\t<\/div>\n\n\t\n\n\t<div id=\"col-1833046143\" class=\"col medium-4 small-12 large-4\"  >\n\t\t<div class=\"col-inner\"  >\n\t\t\t\n\t\t\t\n\t<div class=\"box has-hover   has-hover box-text-bottom\" >\n\n\t\t<div class=\"box-image\" >\n\t\t\t\t\t\t<div class=\"image-overlay-add-50 image-cover\" style=\"padding-top:160px;\">\n\t\t\t\t<img loading=\"lazy\" decoding=\"async\" width=\"500\" height=\"306\" src=\"https:\/\/planodesaudebr.com.br\/bradesco-saude\/wp-content\/uploads\/2018\/06\/Bradesco-Sa\u00fade-individual-familiar-ades\u00e3o.png\" class=\"attachment- size-\" alt=\"Bradesco Sa\u00fade empresarial\" srcset=\"https:\/\/planodesaudebr.com.br\/bradesco-saude\/wp-content\/uploads\/2018\/06\/Bradesco-Sa\u00fade-individual-familiar-ades\u00e3o.png 500w, https:\/\/planodesaudebr.com.br\/bradesco-saude\/wp-content\/uploads\/2018\/06\/Bradesco-Sa\u00fade-individual-familiar-ades\u00e3o-300x184.png 300w\" sizes=\"auto, (max-width: 500px) 100vw, 500px\" \/>\t\t\t\t<div class=\"overlay\" style=\"background-color:rgba(204, 9, 47, 0.19)\"><\/div>\t\t\t\t\t\t\t<\/div>\n\t\t\t\t\t<\/div>\n\n\t\t<div class=\"box-text text-center\" >\n\t\t\t<div class=\"box-text-inner\">\n\t\t\t\t\n<h2 style=\"font-size: 20px;\">Bradesco Sa\u00fade por Ades\u00e3o<\/h2>\n<p>O plano ideal para voc\u00ea que \u00e9 ligado a algum sindicato ou entidade de classe, e permite contratar o plano de forma individual ou familiar.<\/p>\n<a rel=\"noopener noreferrer\" href=\"https:\/\/planodesaudebr.com.br\/bradesco-saude\/orcamento\/\" target=\"_blank\" class=\"button primary is-outline is-smaller\"  >\n    <span>OR\u00c7AMENTO ONLINE<\/span>\n  <\/a>\n\n<a rel=\"noopener noreferrer\" href=\"https:\/\/planodesaudebr.com.br\/bradesco-saude\/adesao\/\" target=\"_blank\" class=\"button primary is-smaller\"  >\n    <span>CONHE\u00c7A O PLANO<\/span>\n  <\/a>\n\n\t\t\t<\/div>\n\t\t<\/div>\n\t<\/div>\n\t\n\t\t<\/div>\n\t\t\t<\/div>\n\n\t\n<\/div>\n","protected":false},"excerpt":{"rendered":"","protected":false},"author":1,"featured_media":0,"parent":0,"menu_order":0,"comment_status":"closed","ping_status":"closed","template":"page-blank.php","meta":{"footnotes":""},"class_list":["post-4849","page","type-page","status-publish","hentry"],"yoast_head":"<!-- This site is optimized with the Yoast SEO plugin v24.6 - https:\/\/yoast.com\/wordpress\/plugins\/seo\/ -->\n<title>Telefone Bradesco Sa\u00fade (11) 2801-6163<\/title>\n<meta name=\"robots\" content=\"index, follow, max-snippet:-1, max-image-preview:large, max-video-preview:-1\" \/>\n<link rel=\"canonical\" href=\"https:\/\/planodesaudebr.com.br\/bradesco-saude\/telefone-bradesco-saude\/\" \/>\n<meta property=\"og:locale\" content=\"pt_BR\" \/>\n<meta property=\"og:type\" content=\"article\" \/>\n<meta property=\"og:title\" content=\"Telefone Bradesco Sa\u00fade (11) 2801-6163\" \/>\n<meta property=\"og:url\" content=\"https:\/\/planodesaudebr.com.br\/bradesco-saude\/telefone-bradesco-saude\/\" \/>\n<meta property=\"article:modified_time\" content=\"2020-01-22T19:55:31+00:00\" \/>\n<meta name=\"twitter:card\" content=\"summary_large_image\" \/>\n<meta name=\"twitter:label1\" content=\"Est. tempo de leitura\" \/>\n\t<meta name=\"twitter:data1\" content=\"5 minutos\" \/>\n<script type=\"application\/ld+json\" class=\"yoast-schema-graph\">{\"@context\":\"https:\/\/schema.org\",\"@graph\":[{\"@type\":\"WebPage\",\"@id\":\"https:\/\/planodesaudebr.com.br\/bradesco-saude\/telefone-bradesco-saude\/\",\"url\":\"https:\/\/planodesaudebr.com.br\/bradesco-saude\/telefone-bradesco-saude\/\",\"name\":\"Telefone Bradesco Sa\u00fade (11) 2801-6163\",\"isPartOf\":{\"@id\":\"https:\/\/planodesaudebr.com.br\/bradesco-saude\/#website\"},\"datePublished\":\"2019-05-25T02:58:09+00:00\",\"dateModified\":\"2020-01-22T19:55:31+00:00\",\"breadcrumb\":{\"@id\":\"https:\/\/planodesaudebr.com.br\/bradesco-saude\/telefone-bradesco-saude\/#breadcrumb\"},\"inLanguage\":\"pt-BR\",\"potentialAction\":[{\"@type\":\"ReadAction\",\"target\":[\"https:\/\/planodesaudebr.com.br\/bradesco-saude\/telefone-bradesco-saude\/\"]}]},{\"@type\":\"BreadcrumbList\",\"@id\":\"https:\/\/planodesaudebr.com.br\/bradesco-saude\/telefone-bradesco-saude\/#breadcrumb\",\"itemListElement\":[{\"@type\":\"ListItem\",\"position\":1,\"name\":\"In\u00edcio\",\"item\":\"https:\/\/planodesaudebr.com.br\/bradesco-saude\/\"},{\"@type\":\"ListItem\",\"position\":2,\"name\":\"Telefone Bradesco Sa\u00fade\"}]},{\"@type\":\"WebSite\",\"@id\":\"https:\/\/planodesaudebr.com.br\/bradesco-saude\/#website\",\"url\":\"https:\/\/planodesaudebr.com.br\/bradesco-saude\/\",\"name\":\"\",\"description\":\"Plano com 50% Desconto\",\"potentialAction\":[{\"@type\":\"SearchAction\",\"target\":{\"@type\":\"EntryPoint\",\"urlTemplate\":\"https:\/\/planodesaudebr.com.br\/bradesco-saude\/?s={search_term_string}\"},\"query-input\":{\"@type\":\"PropertyValueSpecification\",\"valueRequired\":true,\"valueName\":\"search_term_string\"}}],\"inLanguage\":\"pt-BR\"}]}<\/script>\n<!-- \/ Yoast SEO plugin. -->","yoast_head_json":{"title":"Telefone Bradesco Sa\u00fade (11) 2801-6163","robots":{"index":"index","follow":"follow","max-snippet":"max-snippet:-1","max-image-preview":"max-image-preview:large","max-video-preview":"max-video-preview:-1"},"canonical":"https:\/\/planodesaudebr.com.br\/bradesco-saude\/telefone-bradesco-saude\/","og_locale":"pt_BR","og_type":"article","og_title":"Telefone Bradesco Sa\u00fade (11) 2801-6163","og_url":"https:\/\/planodesaudebr.com.br\/bradesco-saude\/telefone-bradesco-saude\/","article_modified_time":"2020-01-22T19:55:31+00:00","twitter_card":"summary_large_image","twitter_misc":{"Est. tempo de leitura":"5 minutos"},"schema":{"@context":"https:\/\/schema.org","@graph":[{"@type":"WebPage","@id":"https:\/\/planodesaudebr.com.br\/bradesco-saude\/telefone-bradesco-saude\/","url":"https:\/\/planodesaudebr.com.br\/bradesco-saude\/telefone-bradesco-saude\/","name":"Telefone Bradesco Sa\u00fade (11) 2801-6163","isPartOf":{"@id":"https:\/\/planodesaudebr.com.br\/bradesco-saude\/#website"},"datePublished":"2019-05-25T02:58:09+00:00","dateModified":"2020-01-22T19:55:31+00:00","breadcrumb":{"@id":"https:\/\/planodesaudebr.com.br\/bradesco-saude\/telefone-bradesco-saude\/#breadcrumb"},"inLanguage":"pt-BR","potentialAction":[{"@type":"ReadAction","target":["https:\/\/planodesaudebr.com.br\/bradesco-saude\/telefone-bradesco-saude\/"]}]},{"@type":"BreadcrumbList","@id":"https:\/\/planodesaudebr.com.br\/bradesco-saude\/telefone-bradesco-saude\/#breadcrumb","itemListElement":[{"@type":"ListItem","position":1,"name":"In\u00edcio","item":"https:\/\/planodesaudebr.com.br\/bradesco-saude\/"},{"@type":"ListItem","position":2,"name":"Telefone Bradesco Sa\u00fade"}]},{"@type":"WebSite","@id":"https:\/\/planodesaudebr.com.br\/bradesco-saude\/#website","url":"https:\/\/planodesaudebr.com.br\/bradesco-saude\/","name":"","description":"Plano com 50% Desconto","potentialAction":[{"@type":"SearchAction","target":{"@type":"EntryPoint","urlTemplate":"https:\/\/planodesaudebr.com.br\/bradesco-saude\/?s={search_term_string}"},"query-input":{"@type":"PropertyValueSpecification","valueRequired":true,"valueName":"search_term_string"}}],"inLanguage":"pt-BR"}]}},"_links":{"self":[{"href":"https:\/\/planodesaudebr.com.br\/bradesco-saude\/wp-json\/wp\/v2\/pages\/4849","targetHints":{"allow":["GET"]}}],"collection":[{"href":"https:\/\/planodesaudebr.com.br\/bradesco-saude\/wp-json\/wp\/v2\/pages"}],"about":[{"href":"https:\/\/planodesaudebr.com.br\/bradesco-saude\/wp-json\/wp\/v2\/types\/page"}],"author":[{"embeddable":true,"href":"https:\/\/planodesaudebr.com.br\/bradesco-saude\/wp-json\/wp\/v2\/users\/1"}],"replies":[{"embeddable":true,"href":"https:\/\/planodesaudebr.com.br\/bradesco-saude\/wp-json\/wp\/v2\/comments?post=4849"}],"version-history":[{"count":9,"href":"https:\/\/planodesaudebr.com.br\/bradesco-saude\/wp-json\/wp\/v2\/pages\/4849\/revisions"}],"predecessor-version":[{"id":6798,"href":"https:\/\/planodesaudebr.com.br\/bradesco-saude\/wp-json\/wp\/v2\/pages\/4849\/revisions\/6798"}],"wp:attachment":[{"href":"https:\/\/planodesaudebr.com.br\/bradesco-saude\/wp-json\/wp\/v2\/media?parent=4849"}],"curies":[{"name":"wp","href":"https:\/\/api.w.org\/{rel}","templated":true}]}}