{"id":6810,"date":"2020-01-25T10:38:03","date_gmt":"2020-01-25T13:38:03","guid":{"rendered":"https:\/\/planodesaudebr.com.br\/bradesco-saude\/?page_id=6810"},"modified":"2020-02-12T13:00:34","modified_gmt":"2020-02-12T16:00:34","slug":"nacional-flex","status":"publish","type":"page","link":"https:\/\/planodesaudebr.com.br\/bradesco-saude\/nacional-flex\/","title":{"rendered":"Nacional Flex"},"content":{"rendered":"\n  <div class=\"banner has-hover\" id=\"banner-2076874137\">\n          <div class=\"banner-inner fill\">\n        <div class=\"banner-bg fill\" >\n            <div class=\"bg fill bg-fill \"><\/div>\n                        <div class=\"overlay\"><\/div>            \n                    <\/div>\n        <div class=\"banner-layers container\">\n            <div class=\"fill banner-link\"><\/div>            \n   <div id=\"text-box-832769867\" class=\"text-box banner-layer x5 md-x5 lg-x5 y50 md-y50 lg-y50 res-text\">\n                                <div class=\"text \">\n              \n              <div class=\"text-inner text-left\">\n                  \n<h1><span style=\"font-size: 80%;\">Bradesco Sa\u00fade Nacional Flex<\/span><\/h1>\n<p>Para empresas que querem oferecer um plano de sa\u00fade com atendimento em todas as regi\u00f5es do Brasil, a pre\u00e7os competitivos.<\/p>\n<a rel=\"noopener noreferrer\" href=\"https:\/\/planodesaudebr.com.br\/bradesco-saude\/contato\/\" target=\"_blank\" class=\"button primary reveal-icon\"  style=\"border-radius:8px;\">\n    <span>Cota\u00e7\u00e3o Online<\/span>\n  <i class=\"icon-checkmark\" ><\/i><\/a>\n\n              <\/div>\n           <\/div>\n                            \n<style>\n#text-box-832769867 {\n  width: 60%;\n}\n#text-box-832769867 .text {\n  font-size: 100%;\n}\n@media (min-width:550px) {\n  #text-box-832769867 {\n    width: 55%;\n  }\n}\n<\/style>\n    <\/div>\n \n        <\/div>\n      <\/div>\n\n            \n<style>\n#banner-2076874137 {\n  padding-top: 500px;\n  background-color: rgb(255, 255, 255);\n}\n#banner-2076874137 .overlay {\n  background-color: rgba(190, 190, 190, 0.2);\n}\n<\/style>\n  <\/div>\n\n\n<div class=\"row\"  id=\"row-1191946439\">\n\n\t<div id=\"col-360049601\" class=\"col small-12 large-12\"  >\n\t\t<div class=\"col-inner\"  >\n\t\t\t\n\t\t\t\n<h1>BRADESCO SA\u00daDE NACIONAL FLEX<\/h1>\n<p>Atendimento e comodidade de uma rede integrada em todo o Pa\u00eds com valores acess\u00edveis.<\/p>\n<p>O Plano Nacional Flex oferece atendimento em todas as regi\u00f5es do Brasil, atrav\u00e9s de uma rede integrada de servi\u00e7os adequada \u00e1s necessidades dos Segurados, a pre\u00e7os acess\u00edveis.<\/p>\n<p>Possibilita aos Segurados utilizar servi\u00e7os fora da rede referenciada, com op\u00e7\u00e3o de reembolso dos procedimentos cobertos realizados em territ\u00f3rio nacional, respeitando os limites contratuais.<\/p>\n<div class=\"row\"  id=\"row-1290694719\">\n\n\t<div id=\"col-412407539\" class=\"col small-12 large-12\"  >\n\t\t<div class=\"col-inner\"  >\n\t\t\t\n\t\t\t\n<div class=\"row\"  id=\"row-136242899\">\n\n\t<div id=\"col-1398298141\" class=\"col small-12 large-12\"  >\n\t\t<div class=\"col-inner\"  >\n\t\t\t\n\t\t\t\n\t<div id=\"gap-394763404\" class=\"gap-element clearfix\" style=\"display:block; height:auto;\">\n\t\t\n<style>\n#gap-394763404 {\n  padding-top: 30px;\n}\n<\/style>\n\t<\/div>\n\t\n<h2>Op\u00e7\u00f5es de Contrata\u00e7\u00e3o Bradesco Sa\u00fade Nacional Flex<\/h2>\n\t\t<\/div>\n\t\t\n<style>\n#col-1398298141 > .col-inner {\n  padding: 0px 0px 0px 0px;\n  margin: 0px 0px -14px 0px;\n}\n<\/style>\n\t<\/div>\n\n\t\n<\/div>\n<div class=\"row\"  id=\"row-1403538867\">\n\n\n\t<div id=\"col-1356360204\" class=\"col small-12 large-12\"  >\n\t\t<div class=\"col-inner\"  >\n\t\t\t\n\t\t\t\n\n<div class=\"row\"  id=\"row-954658553\">\n\n\n\t<div id=\"col-795626743\" class=\"col medium-3 small-6 large-3\"  >\n\t\t<div class=\"col-inner text-center box-shadow-3 box-shadow-4-hover\"  >\n\t\t\t\n\t\t\t\n\n<p><span style=\"font-size: 120%;\"><a href=\"https:\/\/planodesaudebr.com.br\/bradesco-saude\/plano\/individual\/\" target=\"_blank\" rel=\"noopener noreferrer\"><span style=\"color: #ed1c24;\"><i class=\"fa fa-user \" ><\/i><\/span><\/a><\/span><\/p>\n<p><span style=\"font-size: 120%;\"><a href=\"https:\/\/planodesaudebr.com.br\/bradesco-saude\/plano\/individual\/\" target=\"_blank\" rel=\"noopener noreferrer\">Para Voc\u00ea<\/a><\/span><\/p>\n\n\t\t<\/div>\n\t\t\n<style>\n#col-795626743 > .col-inner {\n  padding: 7px 7px 7px 7px;\n}\n<\/style>\n\t<\/div>\n\n\t\n\n\t<div id=\"col-1113321197\" class=\"col medium-3 small-6 large-3\"  >\n\t\t<div class=\"col-inner text-center box-shadow-3 box-shadow-4-hover\"  >\n\t\t\t\n\t\t\t\n\n<p><span style=\"font-size: 115%;\"><a href=\"https:\/\/planodesaudebr.com.br\/bradesco-saude\/bradesco-saude-familiar\/\" target=\"_blank\" rel=\"noopener noreferrer\"><span style=\"color: #ed1c24;\"><i class=\"fa fa-users \" ><\/i><\/span><\/a><\/span><\/p>\n<p><a href=\"https:\/\/planodesaudebr.com.br\/bradesco-saude\/bradesco-saude-familiar\/\" target=\"_blank\" rel=\"noopener noreferrer\"><span style=\"font-size: 115%;\">Para Fam\u00edlia<\/span><\/a><\/p>\n\n\t\t<\/div>\n\t\t\n<style>\n#col-1113321197 > .col-inner {\n  padding: 7px 7px 7px 7px;\n}\n<\/style>\n\t<\/div>\n\n\t\n\n\t<div id=\"col-1134819817\" class=\"col medium-3 small-6 large-3\"  >\n\t\t<div class=\"col-inner text-center box-shadow-3 box-shadow-4-hover\"  >\n\t\t\t\n\t\t\t\n\n<p><span style=\"font-size: 120%;\"><a href=\"https:\/\/planodesaudebr.com.br\/bradesco-saude\/bradesco-saude-mei\/\" target=\"_blank\" rel=\"noopener noreferrer\"><span style=\"color: #ed1c24;\"><i class=\"fa fa-university \" ><\/i><\/span><\/a><\/span><\/p>\n<p><span style=\"font-size: 120%;\"><a href=\"https:\/\/planodesaudebr.com.br\/bradesco-saude\/bradesco-saude-mei\/\" target=\"_blank\" rel=\"noopener noreferrer\">Para MEI<\/a><\/span><\/p>\n\n\t\t<\/div>\n\t\t\n<style>\n#col-1134819817 > .col-inner {\n  padding: 7px 7px 7px 7px;\n}\n<\/style>\n\t<\/div>\n\n\t\n\n\t<div id=\"col-349498071\" class=\"col medium-3 small-6 large-3\"  >\n\t\t<div class=\"col-inner text-center box-shadow-3 box-shadow-4-hover\"  >\n\t\t\t\n\t\t\t\n\n<p><span style=\"font-size: 120%;\"><a href=\"https:\/\/planodesaudebr.com.br\/bradesco-saude\/plano-empresarial\/\" target=\"_blank\" rel=\"noopener noreferrer\"><span style=\"color: #ed1c24;\"><i class=\"fa fa-university \" ><\/i><\/span><\/a><\/span><\/p>\n<p><span style=\"font-size: 120%;\"><a href=\"https:\/\/planodesaudebr.com.br\/bradesco-saude\/plano-empresarial\/\" target=\"_blank\" rel=\"noopener noreferrer\">Para Empresa<\/a><\/span><\/p>\n\n\t\t<\/div>\n\t\t\n<style>\n#col-349498071 > .col-inner {\n  padding: 7px 7px 7px 7px;\n}\n<\/style>\n\t<\/div>\n\n\t\n\n<\/div>\n\n\t\t<\/div>\n\t\t\n<style>\n#col-1356360204 > .col-inner {\n  padding: 20px 20px 20px 20px;\n}\n<\/style>\n\t<\/div>\n\n\t\n\n<\/div>\n\t\t<\/div>\n\t\t\t<\/div>\n\n\t\n<\/div>\n\t\t<\/div>\n\t\t\t<\/div>\n\n\t\n<\/div>\n<div class=\"row\"  id=\"row-549795601\">\n\n\t<div id=\"col-1540249332\" class=\"col small-12 large-12\"  >\n\t\t<div class=\"col-inner\"  >\n\t\t\t\n\t\t\t\n<h2><strong>Abrang\u00eancia no atendimento<\/strong><\/h2>\n<p>Plano Bradesco Sa\u00fade Nacional Flex oferece Cobertura em todo territ\u00f3rio nacional.<\/p>\n<h2><strong>Rede Credenciada nacional Flex<\/strong><\/h2>\n<p>Para ter acesso a todos os hospitais do Plano Bradesco Sa\u00fade Nacional Flex. CLIQUE AQUI!<\/p>\n<h2><strong>Reembolsos Plano Bradesco Sa\u00fade Nacional Flex<\/strong><\/h2>\n<p>Reembolsos das despesas m\u00e9dico\u2010hospitalares em todo o territ\u00f3rio nacional, conforme os limites do contrato.<\/p>\n<p>O Benefici\u00e1rio que contratar o Plano Bradesco Sa\u00fade Nacional Flex com CNPJ poder\u00e1 utilizar qualquer servi\u00e7o que esteja coberto pelo Seguro-sa\u00fade com um prestador de sua livre escolha que n\u00e3o fa\u00e7a parte da Lista de Refer\u00eancia, desde que sejam respeitados a \u00e1rea de atua\u00e7\u00e3o do produto e os limites contratados.<\/p>\n<p>A Bradesco Sa\u00fade ira fazer a analise da documenta\u00e7\u00e3o enviada pelo segurado e processamento do reembolso, conforme as coberturas e limites contratuais do seguro, inclusive nos casos de urg\u00eancia e emerg\u00eancia, contados a partir do recebimento, pela Operadora, de toda a documenta\u00e7\u00e3o relacionada no item Documenta\u00e7\u00e3o Necess\u00e1ria para Solicita\u00e7\u00e3o de Reembolso, de acordo com o procedimento realizado.<\/p>\n<p>O pagamento do valor a ser reembolsado ser\u00e1 efetuado diretamente na conta corrente do Benefici\u00e1rio titular. Para que o reembolso seja efetuado com seguran\u00e7a, \u00e9 importante que os dados da conta corrente do Benefici\u00e1rio estejam sempre atualizado junto ao cadastro do benefici\u00e1rio.<\/p>\n<h3><strong>Documenta\u00e7\u00e3o Necess\u00e1ria para Solicita\u00e7\u00e3o de Reembolso:<\/strong><\/h3>\n<p>O Benefici\u00e1rio dever\u00e1 observar o prazo m\u00e1ximo de 1 (um) ano, a partir da data de ocorr\u00eancia do evento, para apresenta\u00e7\u00e3o dos pedidos de reembolso. Para o efetivo reembolso, o Benefici\u00e1rio dever\u00e1 apresentar toda a documenta\u00e7\u00e3o relacionada no formul\u00e1rio denominado Envelope para Solicita\u00e7\u00e3o de Reembolso, o qual dever\u00e1 ser devidamente preenchido com os dados cadastrais do Benefici\u00e1rio Titular.<\/p>\n<h2><strong>Op\u00e7\u00f5es de cobertura Plano Bradesco Sa\u00fade Nacional Flex<\/strong><\/h2>\n<p>Completa: assist\u00eancia ambulatorial e hospitalar com obstetr\u00edcia, incluindo despesas com consultas, exames simples e especiais, terapias, tratamentos ambulatoriais e interna\u00e7\u00f5es cl\u00ednicas ou cir\u00fargicas, conforme Rol de Procedimentos e Eventos em Sa\u00fade vigente, estabelecido pela ANS.<\/p>\n<p>Al\u00e9m das coberturas do Rol de Procedimentos e Eventos em Sa\u00fade Vigente, os planos da Bradesco Sa\u00fade oferecem cobertura para transplantes n\u00e3o obrigat\u00f3rios. Para mais informa\u00e7\u00f5es, consulte um corretor.<\/p>\n<h2><strong>Acomoda\u00e7\u00e3o Plano Bradesco Sa\u00fade Nacional Flex<\/strong><\/h2>\n<p>Quarto individual ou enfermaria. (E), enfermaria duas pessoas por leito, (A) apartamento apenas uma pessoa por quarto.<\/p>\n\t\t<\/div>\n\t\t\t<\/div>\n\n\t\n<\/div>\n<div class=\"row\"  id=\"row-310008046\">\n\n\t<div id=\"col-1949260092\" class=\"col small-12 large-12\"  >\n\t\t<div class=\"col-inner\"  >\n\t\t\t\n\t\t\t\n<div class=\"row\"  id=\"row-544064108\">\n\n\t<div id=\"col-1400025145\" class=\"col small-12 large-12\"  >\n\t\t<div class=\"col-inner\"  >\n\t\t\t\n\t\t\t\n\t<div class=\"img has-hover x md-x lg-x y md-y lg-y\" id=\"image_1478228383\">\n\t\t\t\t\t\t\t\t<div class=\"img-inner dark\" >\n\t\t\t<img loading=\"lazy\" decoding=\"async\" width=\"738\" height=\"132\" src=\"https:\/\/planodesaudebr.com.br\/bradesco-saude\/wp-content\/uploads\/2020\/02\/Informa\u00e7\u00f5es-bradesco-sa\u00fade.jpg\" class=\"attachment-large size-large\" alt=\"Informa\u00e7\u00f5es bradesco sa\u00fade\" srcset=\"https:\/\/planodesaudebr.com.br\/bradesco-saude\/wp-content\/uploads\/2020\/02\/Informa\u00e7\u00f5es-bradesco-sa\u00fade.jpg 738w, https:\/\/planodesaudebr.com.br\/bradesco-saude\/wp-content\/uploads\/2020\/02\/Informa\u00e7\u00f5es-bradesco-sa\u00fade-300x54.jpg 300w\" sizes=\"auto, (max-width: 738px) 100vw, 738px\" \/>\t\t\t\t\t\t\n\t\t\t\t\t<\/div>\n\t\t\t\t\t\t\t\t\n<style>\n#image_1478228383 {\n  width: 100%;\n}\n<\/style>\n\t<\/div>\n\t\n\t\t<\/div>\n\t\t\t<\/div>\n\n\t\n<\/div>\n<h2><strong>Op\u00e7\u00f5es de Contrata\u00e7\u00e3o Plano Bradesco Sa\u00fade Nacional Flex<\/strong><\/h2>\n<p>Compuls\u00f3ria: inclus\u00e3o de todos os funcion\u00e1rios do grupo definido pela empresa, qualquer que seja o n\u00famero de empregados. Vale tamb\u00e9m para os dependentes.<\/p>\n<p>Opcional: n\u00e3o h\u00e1 obrigatoriedade de inclus\u00e3o de todo o grupo de funcion\u00e1rios vinculado \u00e0 empresa.<\/p>\n<h2><strong>Simula\u00e7\u00e3o do Plano Bradesco Sa\u00fade Nacional Flex<\/strong><\/h2>\n<p>Pr\u00e9\u2010pagamento: o valor da mensalidade \u00e9 calculado previamente, com base nas coberturas contratadas pela empresa, podendo optar por uma das modalidades de pagamento abaixo:<\/p>\n<p>\u00a0\u00a0\u00a0\u00a0\u00a0\u00a0\u00a0\u00a0 &#8211; Faixa et\u00e1ria: op\u00e7\u00e3o dispon\u00edvel para empresas que aderem a planos tanto da modalidade Compuls\u00f3ria quanto da Opcional, para todos os perfis de clientes.<\/p>\n<p>\u00a0\u00a0\u00a0\u00a0\u00a0\u00a0\u00a0\u00a0 &#8211; Custo m\u00e9dio: op\u00e7\u00e3o dispon\u00edvel somente para empresas que aderem a planos da modalidade Compuls\u00f3ria e que possu\u00edrem entre 100 e 199 vidas no momento da contrata\u00e7\u00e3o.<\/p>\n<h2><strong>Plano Bradesco Sa\u00fade Nacional Flex com Coparticipa\u00e7\u00e3o<\/strong><\/h2>\n<p>A Coparticipa\u00e7\u00e3o Ambulatorial \u00e9 um mecanismo de regula\u00e7\u00e3o onde o benefici\u00e1rio participa financeiramente do valor dos procedimentos cobertos relativos a pequeno risco (consultas e exames simples), havendo op\u00e7\u00e3o de escolha entre 10%, 20% ou 30%, lineares.<\/p>\n<h2><strong>Plano Bradesco Sa\u00fade Nacional Flex sem coparticipa\u00e7\u00e3o<\/strong><\/h2>\n<p>Nessa modalidade o benefici\u00e1rio ira pagar apenas a mensalidade do plano, independente da utiliza\u00e7\u00e3o mensal.<\/p>\n\t\t<\/div>\n\t\t\t<\/div>\n\n\t\n<\/div>\n","protected":false},"excerpt":{"rendered":"","protected":false},"author":1,"featured_media":0,"parent":0,"menu_order":0,"comment_status":"closed","ping_status":"closed","template":"page-blank.php","meta":{"footnotes":""},"class_list":["post-6810","page","type-page","status-publish","hentry"],"yoast_head":"<!-- This site is optimized with the Yoast SEO plugin v24.6 - https:\/\/yoast.com\/wordpress\/plugins\/seo\/ -->\n<title>Nacional Flex com 50% Desconto<\/title>\n<meta name=\"robots\" content=\"index, follow, max-snippet:-1, max-image-preview:large, max-video-preview:-1\" \/>\n<link rel=\"canonical\" href=\"https:\/\/planodesaudebr.com.br\/bradesco-saude\/nacional-flex\/\" \/>\n<meta property=\"og:locale\" content=\"pt_BR\" \/>\n<meta property=\"og:type\" content=\"article\" \/>\n<meta property=\"og:title\" content=\"Nacional Flex com 50% Desconto\" \/>\n<meta property=\"og:url\" content=\"https:\/\/planodesaudebr.com.br\/bradesco-saude\/nacional-flex\/\" \/>\n<meta property=\"article:modified_time\" content=\"2020-02-12T16:00:34+00:00\" \/>\n<meta name=\"twitter:card\" content=\"summary_large_image\" \/>\n<meta name=\"twitter:label1\" content=\"Est. tempo de leitura\" \/>\n\t<meta name=\"twitter:data1\" content=\"4 minutos\" \/>\n<script type=\"application\/ld+json\" class=\"yoast-schema-graph\">{\"@context\":\"https:\/\/schema.org\",\"@graph\":[{\"@type\":\"WebPage\",\"@id\":\"https:\/\/planodesaudebr.com.br\/bradesco-saude\/nacional-flex\/\",\"url\":\"https:\/\/planodesaudebr.com.br\/bradesco-saude\/nacional-flex\/\",\"name\":\"Nacional Flex com 50% Desconto\",\"isPartOf\":{\"@id\":\"https:\/\/planodesaudebr.com.br\/bradesco-saude\/#website\"},\"datePublished\":\"2020-01-25T13:38:03+00:00\",\"dateModified\":\"2020-02-12T16:00:34+00:00\",\"breadcrumb\":{\"@id\":\"https:\/\/planodesaudebr.com.br\/bradesco-saude\/nacional-flex\/#breadcrumb\"},\"inLanguage\":\"pt-BR\",\"potentialAction\":[{\"@type\":\"ReadAction\",\"target\":[\"https:\/\/planodesaudebr.com.br\/bradesco-saude\/nacional-flex\/\"]}]},{\"@type\":\"BreadcrumbList\",\"@id\":\"https:\/\/planodesaudebr.com.br\/bradesco-saude\/nacional-flex\/#breadcrumb\",\"itemListElement\":[{\"@type\":\"ListItem\",\"position\":1,\"name\":\"In\u00edcio\",\"item\":\"https:\/\/planodesaudebr.com.br\/bradesco-saude\/\"},{\"@type\":\"ListItem\",\"position\":2,\"name\":\"Nacional Flex\"}]},{\"@type\":\"WebSite\",\"@id\":\"https:\/\/planodesaudebr.com.br\/bradesco-saude\/#website\",\"url\":\"https:\/\/planodesaudebr.com.br\/bradesco-saude\/\",\"name\":\"\",\"description\":\"Plano com 50% Desconto\",\"potentialAction\":[{\"@type\":\"SearchAction\",\"target\":{\"@type\":\"EntryPoint\",\"urlTemplate\":\"https:\/\/planodesaudebr.com.br\/bradesco-saude\/?s={search_term_string}\"},\"query-input\":{\"@type\":\"PropertyValueSpecification\",\"valueRequired\":true,\"valueName\":\"search_term_string\"}}],\"inLanguage\":\"pt-BR\"}]}<\/script>\n<!-- \/ Yoast SEO plugin. -->","yoast_head_json":{"title":"Nacional Flex com 50% Desconto","robots":{"index":"index","follow":"follow","max-snippet":"max-snippet:-1","max-image-preview":"max-image-preview:large","max-video-preview":"max-video-preview:-1"},"canonical":"https:\/\/planodesaudebr.com.br\/bradesco-saude\/nacional-flex\/","og_locale":"pt_BR","og_type":"article","og_title":"Nacional Flex com 50% Desconto","og_url":"https:\/\/planodesaudebr.com.br\/bradesco-saude\/nacional-flex\/","article_modified_time":"2020-02-12T16:00:34+00:00","twitter_card":"summary_large_image","twitter_misc":{"Est. tempo de leitura":"4 minutos"},"schema":{"@context":"https:\/\/schema.org","@graph":[{"@type":"WebPage","@id":"https:\/\/planodesaudebr.com.br\/bradesco-saude\/nacional-flex\/","url":"https:\/\/planodesaudebr.com.br\/bradesco-saude\/nacional-flex\/","name":"Nacional Flex com 50% Desconto","isPartOf":{"@id":"https:\/\/planodesaudebr.com.br\/bradesco-saude\/#website"},"datePublished":"2020-01-25T13:38:03+00:00","dateModified":"2020-02-12T16:00:34+00:00","breadcrumb":{"@id":"https:\/\/planodesaudebr.com.br\/bradesco-saude\/nacional-flex\/#breadcrumb"},"inLanguage":"pt-BR","potentialAction":[{"@type":"ReadAction","target":["https:\/\/planodesaudebr.com.br\/bradesco-saude\/nacional-flex\/"]}]},{"@type":"BreadcrumbList","@id":"https:\/\/planodesaudebr.com.br\/bradesco-saude\/nacional-flex\/#breadcrumb","itemListElement":[{"@type":"ListItem","position":1,"name":"In\u00edcio","item":"https:\/\/planodesaudebr.com.br\/bradesco-saude\/"},{"@type":"ListItem","position":2,"name":"Nacional Flex"}]},{"@type":"WebSite","@id":"https:\/\/planodesaudebr.com.br\/bradesco-saude\/#website","url":"https:\/\/planodesaudebr.com.br\/bradesco-saude\/","name":"","description":"Plano com 50% Desconto","potentialAction":[{"@type":"SearchAction","target":{"@type":"EntryPoint","urlTemplate":"https:\/\/planodesaudebr.com.br\/bradesco-saude\/?s={search_term_string}"},"query-input":{"@type":"PropertyValueSpecification","valueRequired":true,"valueName":"search_term_string"}}],"inLanguage":"pt-BR"}]}},"_links":{"self":[{"href":"https:\/\/planodesaudebr.com.br\/bradesco-saude\/wp-json\/wp\/v2\/pages\/6810","targetHints":{"allow":["GET"]}}],"collection":[{"href":"https:\/\/planodesaudebr.com.br\/bradesco-saude\/wp-json\/wp\/v2\/pages"}],"about":[{"href":"https:\/\/planodesaudebr.com.br\/bradesco-saude\/wp-json\/wp\/v2\/types\/page"}],"author":[{"embeddable":true,"href":"https:\/\/planodesaudebr.com.br\/bradesco-saude\/wp-json\/wp\/v2\/users\/1"}],"replies":[{"embeddable":true,"href":"https:\/\/planodesaudebr.com.br\/bradesco-saude\/wp-json\/wp\/v2\/comments?post=6810"}],"version-history":[{"count":6,"href":"https:\/\/planodesaudebr.com.br\/bradesco-saude\/wp-json\/wp\/v2\/pages\/6810\/revisions"}],"predecessor-version":[{"id":6917,"href":"https:\/\/planodesaudebr.com.br\/bradesco-saude\/wp-json\/wp\/v2\/pages\/6810\/revisions\/6917"}],"wp:attachment":[{"href":"https:\/\/planodesaudebr.com.br\/bradesco-saude\/wp-json\/wp\/v2\/media?parent=6810"}],"curies":[{"name":"wp","href":"https:\/\/api.w.org\/{rel}","templated":true}]}}