{"id":6816,"date":"2020-01-25T11:02:02","date_gmt":"2020-01-25T14:02:02","guid":{"rendered":"https:\/\/planodesaudebr.com.br\/bradesco-saude\/?page_id=6816"},"modified":"2020-02-12T12:16:59","modified_gmt":"2020-02-12T15:16:59","slug":"nacional-plus","status":"publish","type":"page","link":"https:\/\/planodesaudebr.com.br\/bradesco-saude\/nacional-plus\/","title":{"rendered":"Nacional Plus"},"content":{"rendered":"<p>NACIONAL PLUS<\/p>\n<p>Conforto, seguran\u00e7a e qualidade de atendimento em todas as regi\u00f5es do Pa\u00eds.<\/p>\n<p>O Plano Nacional Plus oferece atendimento diferenciado, conforto e qualidade, em todas as regi\u00f5es do pa\u00eds, especialmente para empresas que buscam uma rede referenciada exclusiva.<\/p>\n<p>Conta com Hospitais e laborat\u00f3rios que s\u00e3o refer\u00eancias em servi\u00e7os de sa\u00fade no pa\u00eds e possui flexibilidade na escolha de padr\u00e3o de reembolso, que \u00e9 v\u00e1lido para atendimento, no Brasil e no Exterior, respeitando os limites contratuais. Al\u00e9m disso, conta com o benef\u00edcio exclusivo do Bradesco Sa\u00fade Concierge quando a contrata\u00e7\u00e3o do seguro-sa\u00fade ocorrer nas seguintes Regi\u00f5es: Rio de Janeiro, S\u00e3o Paulo, Belo Horizonte e Salvador.<\/p>\n","protected":false},"excerpt":{"rendered":"<p>NACIONAL PLUS Conforto, seguran\u00e7a e qualidade de atendimento em todas as regi\u00f5es do Pa\u00eds. O Plano Nacional Plus oferece atendimento diferenciado, conforto e qualidade, em todas as regi\u00f5es do pa\u00eds, especialmente para empresas que buscam uma rede referenciada exclusiva. Conta com Hospitais e laborat\u00f3rios que s\u00e3o refer\u00eancias em servi\u00e7os de sa\u00fade no pa\u00eds e possui [&#8230;]\n","protected":false},"author":1,"featured_media":0,"parent":0,"menu_order":0,"comment_status":"closed","ping_status":"closed","template":"","meta":{"footnotes":""},"class_list":["post-6816","page","type-page","status-publish","hentry"],"yoast_head":"<!-- This site is optimized with the Yoast SEO plugin v24.6 - https:\/\/yoast.com\/wordpress\/plugins\/seo\/ -->\n<title>Nacional Plus com 50% Desconto<\/title>\n<meta name=\"robots\" content=\"index, follow, max-snippet:-1, max-image-preview:large, max-video-preview:-1\" \/>\n<link rel=\"canonical\" href=\"https:\/\/planodesaudebr.com.br\/bradesco-saude\/nacional-plus\/\" \/>\n<meta property=\"og:locale\" content=\"pt_BR\" \/>\n<meta property=\"og:type\" content=\"article\" \/>\n<meta property=\"og:title\" content=\"Nacional Plus com 50% Desconto\" \/>\n<meta property=\"og:description\" content=\"NACIONAL PLUS Conforto, seguran\u00e7a e qualidade de atendimento em todas as regi\u00f5es do Pa\u00eds. O Plano Nacional Plus oferece atendimento diferenciado, conforto e qualidade, em todas as regi\u00f5es do pa\u00eds, especialmente para empresas que buscam uma rede referenciada exclusiva. Conta com Hospitais e laborat\u00f3rios que s\u00e3o refer\u00eancias em servi\u00e7os de sa\u00fade no pa\u00eds e possui [...]\" \/>\n<meta property=\"og:url\" content=\"https:\/\/planodesaudebr.com.br\/bradesco-saude\/nacional-plus\/\" \/>\n<meta property=\"article:modified_time\" content=\"2020-02-12T15:16:59+00:00\" \/>\n<meta name=\"twitter:card\" content=\"summary_large_image\" \/>\n<meta name=\"twitter:label1\" content=\"Est. tempo de leitura\" \/>\n\t<meta name=\"twitter:data1\" content=\"1 minuto\" \/>\n<script type=\"application\/ld+json\" class=\"yoast-schema-graph\">{\"@context\":\"https:\/\/schema.org\",\"@graph\":[{\"@type\":\"WebPage\",\"@id\":\"https:\/\/planodesaudebr.com.br\/bradesco-saude\/nacional-plus\/\",\"url\":\"https:\/\/planodesaudebr.com.br\/bradesco-saude\/nacional-plus\/\",\"name\":\"Nacional Plus com 50% Desconto\",\"isPartOf\":{\"@id\":\"https:\/\/planodesaudebr.com.br\/bradesco-saude\/#website\"},\"datePublished\":\"2020-01-25T14:02:02+00:00\",\"dateModified\":\"2020-02-12T15:16:59+00:00\",\"breadcrumb\":{\"@id\":\"https:\/\/planodesaudebr.com.br\/bradesco-saude\/nacional-plus\/#breadcrumb\"},\"inLanguage\":\"pt-BR\",\"potentialAction\":[{\"@type\":\"ReadAction\",\"target\":[\"https:\/\/planodesaudebr.com.br\/bradesco-saude\/nacional-plus\/\"]}]},{\"@type\":\"BreadcrumbList\",\"@id\":\"https:\/\/planodesaudebr.com.br\/bradesco-saude\/nacional-plus\/#breadcrumb\",\"itemListElement\":[{\"@type\":\"ListItem\",\"position\":1,\"name\":\"In\u00edcio\",\"item\":\"https:\/\/planodesaudebr.com.br\/bradesco-saude\/\"},{\"@type\":\"ListItem\",\"position\":2,\"name\":\"Nacional Plus\"}]},{\"@type\":\"WebSite\",\"@id\":\"https:\/\/planodesaudebr.com.br\/bradesco-saude\/#website\",\"url\":\"https:\/\/planodesaudebr.com.br\/bradesco-saude\/\",\"name\":\"\",\"description\":\"Plano com 50% Desconto\",\"potentialAction\":[{\"@type\":\"SearchAction\",\"target\":{\"@type\":\"EntryPoint\",\"urlTemplate\":\"https:\/\/planodesaudebr.com.br\/bradesco-saude\/?s={search_term_string}\"},\"query-input\":{\"@type\":\"PropertyValueSpecification\",\"valueRequired\":true,\"valueName\":\"search_term_string\"}}],\"inLanguage\":\"pt-BR\"}]}<\/script>\n<!-- \/ Yoast SEO plugin. -->","yoast_head_json":{"title":"Nacional Plus com 50% Desconto","robots":{"index":"index","follow":"follow","max-snippet":"max-snippet:-1","max-image-preview":"max-image-preview:large","max-video-preview":"max-video-preview:-1"},"canonical":"https:\/\/planodesaudebr.com.br\/bradesco-saude\/nacional-plus\/","og_locale":"pt_BR","og_type":"article","og_title":"Nacional Plus com 50% Desconto","og_description":"NACIONAL PLUS Conforto, seguran\u00e7a e qualidade de atendimento em todas as regi\u00f5es do Pa\u00eds. O Plano Nacional Plus oferece atendimento diferenciado, conforto e qualidade, em todas as regi\u00f5es do pa\u00eds, especialmente para empresas que buscam uma rede referenciada exclusiva. Conta com Hospitais e laborat\u00f3rios que s\u00e3o refer\u00eancias em servi\u00e7os de sa\u00fade no pa\u00eds e possui [...]","og_url":"https:\/\/planodesaudebr.com.br\/bradesco-saude\/nacional-plus\/","article_modified_time":"2020-02-12T15:16:59+00:00","twitter_card":"summary_large_image","twitter_misc":{"Est. tempo de leitura":"1 minuto"},"schema":{"@context":"https:\/\/schema.org","@graph":[{"@type":"WebPage","@id":"https:\/\/planodesaudebr.com.br\/bradesco-saude\/nacional-plus\/","url":"https:\/\/planodesaudebr.com.br\/bradesco-saude\/nacional-plus\/","name":"Nacional Plus com 50% Desconto","isPartOf":{"@id":"https:\/\/planodesaudebr.com.br\/bradesco-saude\/#website"},"datePublished":"2020-01-25T14:02:02+00:00","dateModified":"2020-02-12T15:16:59+00:00","breadcrumb":{"@id":"https:\/\/planodesaudebr.com.br\/bradesco-saude\/nacional-plus\/#breadcrumb"},"inLanguage":"pt-BR","potentialAction":[{"@type":"ReadAction","target":["https:\/\/planodesaudebr.com.br\/bradesco-saude\/nacional-plus\/"]}]},{"@type":"BreadcrumbList","@id":"https:\/\/planodesaudebr.com.br\/bradesco-saude\/nacional-plus\/#breadcrumb","itemListElement":[{"@type":"ListItem","position":1,"name":"In\u00edcio","item":"https:\/\/planodesaudebr.com.br\/bradesco-saude\/"},{"@type":"ListItem","position":2,"name":"Nacional Plus"}]},{"@type":"WebSite","@id":"https:\/\/planodesaudebr.com.br\/bradesco-saude\/#website","url":"https:\/\/planodesaudebr.com.br\/bradesco-saude\/","name":"","description":"Plano com 50% Desconto","potentialAction":[{"@type":"SearchAction","target":{"@type":"EntryPoint","urlTemplate":"https:\/\/planodesaudebr.com.br\/bradesco-saude\/?s={search_term_string}"},"query-input":{"@type":"PropertyValueSpecification","valueRequired":true,"valueName":"search_term_string"}}],"inLanguage":"pt-BR"}]}},"_links":{"self":[{"href":"https:\/\/planodesaudebr.com.br\/bradesco-saude\/wp-json\/wp\/v2\/pages\/6816","targetHints":{"allow":["GET"]}}],"collection":[{"href":"https:\/\/planodesaudebr.com.br\/bradesco-saude\/wp-json\/wp\/v2\/pages"}],"about":[{"href":"https:\/\/planodesaudebr.com.br\/bradesco-saude\/wp-json\/wp\/v2\/types\/page"}],"author":[{"embeddable":true,"href":"https:\/\/planodesaudebr.com.br\/bradesco-saude\/wp-json\/wp\/v2\/users\/1"}],"replies":[{"embeddable":true,"href":"https:\/\/planodesaudebr.com.br\/bradesco-saude\/wp-json\/wp\/v2\/comments?post=6816"}],"version-history":[{"count":3,"href":"https:\/\/planodesaudebr.com.br\/bradesco-saude\/wp-json\/wp\/v2\/pages\/6816\/revisions"}],"predecessor-version":[{"id":6913,"href":"https:\/\/planodesaudebr.com.br\/bradesco-saude\/wp-json\/wp\/v2\/pages\/6816\/revisions\/6913"}],"wp:attachment":[{"href":"https:\/\/planodesaudebr.com.br\/bradesco-saude\/wp-json\/wp\/v2\/media?parent=6816"}],"curies":[{"name":"wp","href":"https:\/\/api.w.org\/{rel}","templated":true}]}}